{"id":848,"date":"2016-07-24T09:09:45","date_gmt":"2016-07-24T07:09:45","guid":{"rendered":"http:\/\/archiv.artsafiental.ch\/?page_id=848"},"modified":"2016-07-26T19:04:31","modified_gmt":"2016-07-26T17:04:31","slug":"vermittlung","status":"publish","type":"page","link":"http:\/\/archiv.artsafiental.ch\/en\/as2016\/ausstellung\/vermittlung\/","title":{"rendered":"Mediation"},"content":{"rendered":"<p><\/p>\n<h1>Pavillon Art Safiental<\/h1>\n<p><span style=\"line-height: 1.5;\">Alpenblick, Tenna (Mitte) &#8211; GPS 46.747117, 9.3395939<\/span><\/p>\n<p><img loading=\"lazy\" decoding=\"async\" class=\"alignleft size-full wp-image-849\" src=\"http:\/\/archiv.artsafiental.ch\/wp-content\/uploads\/2016\/07\/map_008.jpg\" alt=\"PAVILLON ART SAFIENTAL\" width=\"4928\" height=\"3264\" srcset=\"http:\/\/archiv.artsafiental.ch\/wp-content\/uploads\/2016\/07\/map_008.jpg 4928w, http:\/\/archiv.artsafiental.ch\/wp-content\/uploads\/2016\/07\/map_008-300x199.jpg 300w, http:\/\/archiv.artsafiental.ch\/wp-content\/uploads\/2016\/07\/map_008-768x509.jpg 768w, http:\/\/archiv.artsafiental.ch\/wp-content\/uploads\/2016\/07\/map_008-1024x678.jpg 1024w\" sizes=\"auto, (max-width: 4928px) 100vw, 4928px\" \/><\/p>\n<p><span style=\"line-height: 1.5;\">The pavilion Art Safiental is a small bar located behind the Alpenblick hotel. It\u2019s a meeting point for the start of individual and group tours of the surrounding Land Art works, as well as a meeting point for visitors and residents. Amongst other things, in the bar there is a small box filled with raffle tickets. Each ticket offers a simple instruction for a unique walking experience through Safiental. These instructional tickets and individual walks invite visitors to engage in creative and reflective interactions with the landscape. These unique wanderings will be documented in both analog and digital forms. Over the duration of the exhibition small souvenirs, keepsakes and walking tour documentation will be brought back to the bar and assembled as an archive.<\/span><\/p>\n<p><strong><a href=\"http:\/\/archiv.artsafiental.ch\/wp-content\/uploads\/2016\/07\/Art-Safiental-2016-MAP-kl.pdf\">Art hiking map<br \/>\n<\/a><a href=\"http:\/\/archiv.artsafiental.ch\/en\/ausstellung\/events\/\">Art Guided Tours<\/a><\/strong><\/p>\n<p><strong>Collaboration:<\/strong> Raphael Di Canio, Vivien Grabowski, Ioanna Papapavlou, Margarita Valdivieso, Desir\u00e9e Vidal Juncal, Konstanze Sch\u00fctze, Hanna H\u00f6lling, Johannes M. Hedinger<br \/>\n<strong>Thanks: <\/strong>Pension Alpenblick, Thomas Buchli, Sylvain Bois, Sascha H\u00e4usler, Jolanda Rechsteiner<\/p>","protected":false},"excerpt":{"rendered":"<p>Pavillon Art Safiental Alpenblick, Tenna (Mitte) &#8211; GPS 46.747117, 9.3395939 The pavilion Art Safiental is a small bar located behind the Alpenblick hotel. It\u2019s a meeting point for the start of individual and group tours of the surrounding Land Art works, as well as a meeting point for visitors and residents. Amongst other things, in [&hellip;]<\/p>\n","protected":false},"author":2,"featured_media":0,"parent":476,"menu_order":2,"comment_status":"closed","ping_status":"closed","template":"","meta":{"footnotes":"","_links_to":"","_links_to_target":""},"class_list":["post-848","page","type-page","status-publish","hentry"],"_links":{"self":[{"href":"http:\/\/archiv.artsafiental.ch\/en\/wp-json\/wp\/v2\/pages\/848","targetHints":{"allow":["GET"]}}],"collection":[{"href":"http:\/\/archiv.artsafiental.ch\/en\/wp-json\/wp\/v2\/pages"}],"about":[{"href":"http:\/\/archiv.artsafiental.ch\/en\/wp-json\/wp\/v2\/types\/page"}],"author":[{"embeddable":true,"href":"http:\/\/archiv.artsafiental.ch\/en\/wp-json\/wp\/v2\/users\/2"}],"replies":[{"embeddable":true,"href":"http:\/\/archiv.artsafiental.ch\/en\/wp-json\/wp\/v2\/comments?post=848"}],"version-history":[{"count":8,"href":"http:\/\/archiv.artsafiental.ch\/en\/wp-json\/wp\/v2\/pages\/848\/revisions"}],"predecessor-version":[{"id":1024,"href":"http:\/\/archiv.artsafiental.ch\/en\/wp-json\/wp\/v2\/pages\/848\/revisions\/1024"}],"up":[{"embeddable":true,"href":"http:\/\/archiv.artsafiental.ch\/en\/wp-json\/wp\/v2\/pages\/476"}],"wp:attachment":[{"href":"http:\/\/archiv.artsafiental.ch\/en\/wp-json\/wp\/v2\/media?parent=848"}],"curies":[{"name":"wp","href":"https:\/\/api.w.org\/{rel}","templated":true}]}}