{"id":743,"date":"2016-07-11T23:42:36","date_gmt":"2016-07-11T21:42:36","guid":{"rendered":"http:\/\/archiv.artsafiental.ch\/?page_id=743"},"modified":"2018-01-10T09:18:36","modified_gmt":"2018-01-10T08:18:36","slug":"e-une-echappee-belle","status":"publish","type":"page","link":"http:\/\/archiv.artsafiental.ch\/en\/as2016\/hiddenpage\/e-une-echappee-belle\/","title":{"rendered":"Une \u00e9chapp\u00e9e belle"},"content":{"rendered":"<p><\/p>\n<h1>Les Fr\u00e8res Chapuisat:\u00a0<strong>Une \u00e9chapp\u00e9e belle<\/strong><\/h1>\n<p class=\"p1\">Tenner Chru\u0308z &#8211;\u00a0GPS 46.759987, 9.333018<\/p>\n<p><img loading=\"lazy\" decoding=\"async\" class=\"alignleft size-full wp-image-609\" src=\"http:\/\/archiv.artsafiental.ch\/wp-content\/uploads\/2016\/03\/AAA_chapuisat2.png\" alt=\"AAA_chapuisat2\" width=\"1304\" height=\"733\" srcset=\"http:\/\/archiv.artsafiental.ch\/wp-content\/uploads\/2016\/03\/AAA_chapuisat2.png 1304w, http:\/\/archiv.artsafiental.ch\/wp-content\/uploads\/2016\/03\/AAA_chapuisat2-300x169.png 300w, http:\/\/archiv.artsafiental.ch\/wp-content\/uploads\/2016\/03\/AAA_chapuisat2-768x432.png 768w, http:\/\/archiv.artsafiental.ch\/wp-content\/uploads\/2016\/03\/AAA_chapuisat2-1024x576.png 1024w\" sizes=\"auto, (max-width: 1304px) 100vw, 1304px\" \/><\/p>\n<p>For the past sixteen years, the Swiss artist collective Les Fr\u00e8res Chapuisat has been creating complex architectural wooden structures. The creation of Une \u00e9chapp\u00e9e belle commenced with an arrangement of a Stammtisch [Ger. regular\u2019s table]. With a 360\u00b0 panorama, the woven wooden structure served not only as the artists\u2019 accommodation during the entire construction process but since it\u00b4s completion now serves as a meeting point for visitors and the local community. Une \u00e9chapp\u00e9e belle is complimented by a smaller structure located in the neighboring Schl\u00fcechtli.<\/p>\n<p>Installation, Fichtenholz, H\u00f6he 2200m<br \/>\n<span style=\"color: #3366ff;\">90 min from Tenna<br \/>\n<\/span><span style=\"color: #ff0000;\">Interaction with the artwork is at your own risk<\/span><\/p>\n<p class=\"p1\"><span class=\"s1\"><span style=\"color: #3366ff;\">Collaboration:<\/span> <\/span>Caroline Ann Baur, Joerg Bosshard, Gregory Chapuisat, Lisa Hopf, David Lunney, Fabio Pozzorini, Chiara Sgaramella, Alexandra Siegrist<br \/>\n<span class=\"s1\" style=\"color: #3366ff;\">Thanks: <\/span>Thomas Buchli, Reto Gartmann, Josi Messmer, Martin Schaufelberger, Cathrin Pedrolini, Jolanda Rechsteiner, Walter von Ah, Alpgenossenschaft Tenna<\/p>\n<p><\/p>","protected":false},"excerpt":{"rendered":"<p>Les Fr\u00e8res Chapuisat:\u00a0Une \u00e9chapp\u00e9e belle Tenner Chru\u0308z &#8211;\u00a0GPS 46.759987, 9.333018 For the past sixteen years, the Swiss artist collective Les Fr\u00e8res Chapuisat has been creating complex architectural wooden structures. The creation of Une \u00e9chapp\u00e9e belle commenced with an arrangement of a Stammtisch [Ger. regular\u2019s table]. With a 360\u00b0 panorama, the woven wooden structure served not [&hellip;]<\/p>\n","protected":false},"author":2,"featured_media":0,"parent":1829,"menu_order":2,"comment_status":"closed","ping_status":"closed","template":"","meta":{"footnotes":"","_links_to":"","_links_to_target":""},"class_list":["post-743","page","type-page","status-publish","hentry"],"_links":{"self":[{"href":"http:\/\/archiv.artsafiental.ch\/en\/wp-json\/wp\/v2\/pages\/743","targetHints":{"allow":["GET"]}}],"collection":[{"href":"http:\/\/archiv.artsafiental.ch\/en\/wp-json\/wp\/v2\/pages"}],"about":[{"href":"http:\/\/archiv.artsafiental.ch\/en\/wp-json\/wp\/v2\/types\/page"}],"author":[{"embeddable":true,"href":"http:\/\/archiv.artsafiental.ch\/en\/wp-json\/wp\/v2\/users\/2"}],"replies":[{"embeddable":true,"href":"http:\/\/archiv.artsafiental.ch\/en\/wp-json\/wp\/v2\/comments?post=743"}],"version-history":[{"count":4,"href":"http:\/\/archiv.artsafiental.ch\/en\/wp-json\/wp\/v2\/pages\/743\/revisions"}],"predecessor-version":[{"id":748,"href":"http:\/\/archiv.artsafiental.ch\/en\/wp-json\/wp\/v2\/pages\/743\/revisions\/748"}],"up":[{"embeddable":true,"href":"http:\/\/archiv.artsafiental.ch\/en\/wp-json\/wp\/v2\/pages\/1829"}],"wp:attachment":[{"href":"http:\/\/archiv.artsafiental.ch\/en\/wp-json\/wp\/v2\/media?parent=743"}],"curies":[{"name":"wp","href":"https:\/\/api.w.org\/{rel}","templated":true}]}}