{"id":5994,"date":"2024-06-22T08:52:47","date_gmt":"2024-06-22T06:52:47","guid":{"rendered":"http:\/\/archiv.artsafiental.ch\/?page_id=5994"},"modified":"2024-07-21T22:32:19","modified_gmt":"2024-07-21T20:32:19","slug":"vibeke-mascini","status":"publish","type":"page","link":"http:\/\/archiv.artsafiental.ch\/en\/as2024\/hiddenpage\/vibeke-mascini\/","title":{"rendered":"Vibeke Mascini"},"content":{"rendered":"<p><\/p>\n<h1><strong>Vibeke Mascini<\/strong>: <strong>TANGERE<\/strong><\/h1>\n<p class=\"p1\">Safien Platz, KWZ Kraftwerke Zervreila AG, Stollen \u2013 <span class=\"s1\">GPS: 46.677820, 9.316620 &#8211;\u00a0<\/span>from Safien Platz ca. 10 Min.<\/p>\n<p><img loading=\"lazy\" decoding=\"async\" class=\"alignleft size-full wp-image-6458\" src=\"http:\/\/archiv.artsafiental.ch\/wp-content\/uploads\/2024\/06\/8.-Vibeke-MasciniJPG-scaled.jpg\" alt=\"\" width=\"2560\" height=\"1708\" srcset=\"http:\/\/archiv.artsafiental.ch\/wp-content\/uploads\/2024\/06\/8.-Vibeke-MasciniJPG-scaled.jpg 2560w, http:\/\/archiv.artsafiental.ch\/wp-content\/uploads\/2024\/06\/8.-Vibeke-MasciniJPG-300x200.jpg 300w, http:\/\/archiv.artsafiental.ch\/wp-content\/uploads\/2024\/06\/8.-Vibeke-MasciniJPG-1024x683.jpg 1024w, http:\/\/archiv.artsafiental.ch\/wp-content\/uploads\/2024\/06\/8.-Vibeke-MasciniJPG-768x512.jpg 768w, http:\/\/archiv.artsafiental.ch\/wp-content\/uploads\/2024\/06\/8.-Vibeke-MasciniJPG-1536x1025.jpg 1536w, http:\/\/archiv.artsafiental.ch\/wp-content\/uploads\/2024\/06\/8.-Vibeke-MasciniJPG-2048x1366.jpg 2048w\" sizes=\"auto, (max-width: 2560px) 100vw, 2560px\" \/><\/p>\n<p class=\"p3\"><em>Tangere<\/em> (Latin for touch) considers human relations and knowledge shared through the lens of energy exchange and physical touch. Almost every frame of the video shows two hands whose nails are decorated with miniature spirit levels, a paradoxical tool: a rational instrument, yet with a fluid nature. This also refers to the exhibition site, where energy for human use is generated from melt water, and points to a profound relation between the environment, the human body and the technical application, and how one is able to leak into the other. (AF)<\/p>\n<p><strong>BIO<\/strong>: Vibeke Mascini is a visual artist based in Amsterdam. <a href=\"http:\/\/www.vibekemascini.com\">www.vibekemascini.com<\/a><br \/>\n<span class=\"s2\"><strong>MEDIUM<\/strong>: Video (Duration: 5.18 min), Soundtrack, Installation\u00a0<strong><br \/>\nCOLLABORATION<\/strong>: <\/span>Ramses Almanza (starring), Tomasz Skibicki (camera, editing), Nicol\u00e1s S\u00e1nchez (Sound), Diego Andr\u00e9s Contento (Sound mix), Mateo Vega (color grading)<br \/>\n<span class=\"s2\"><strong>SUPPORT<\/strong>: <\/span>KWZ Kraftwerke Zervreila AG, Wieland Hunger<br \/>\n<span class=\"s2\"><strong>CURATOR<\/strong>: <\/span>Anne-Laure Franchette<\/p>\n<p>installation view:<img loading=\"lazy\" decoding=\"async\" class=\"alignleft size-full wp-image-6929\" src=\"http:\/\/archiv.artsafiental.ch\/wp-content\/uploads\/2024\/07\/Vibeke-tunnel-comp2.001.jpeg\" alt=\"\" width=\"1024\" height=\"768\" srcset=\"http:\/\/archiv.artsafiental.ch\/wp-content\/uploads\/2024\/07\/Vibeke-tunnel-comp2.001.jpeg 1024w, http:\/\/archiv.artsafiental.ch\/wp-content\/uploads\/2024\/07\/Vibeke-tunnel-comp2.001-300x225.jpeg 300w, http:\/\/archiv.artsafiental.ch\/wp-content\/uploads\/2024\/07\/Vibeke-tunnel-comp2.001-768x576.jpeg 768w\" sizes=\"auto, (max-width: 1024px) 100vw, 1024px\" \/><\/p>\n<p>Teaser (0.46 min):<iframe loading=\"lazy\" title=\"ART SAFIENTAL 2024: Vibeke Mascini:\u00a0TANGERE (Trailer, 2024)\" src=\"https:\/\/www.youtube.com\/embed\/UDGg8jubaWo\" width=\"974\" height=\"548\" frameborder=\"0\" allowfullscreen=\"allowfullscreen\"><\/iframe><\/p>","protected":false},"excerpt":{"rendered":"<p>Vibeke Mascini: TANGERE Safien Platz, KWZ Kraftwerke Zervreila AG, Stollen \u2013 GPS: 46.677820, 9.316620 &#8211;\u00a0from Safien Platz ca. 10 Min. Tangere (Latin for touch) considers human relations and knowledge shared through the lens of energy exchange and physical touch. Almost every frame of the video shows two hands whose nails are decorated with miniature spirit [&hellip;]<\/p>\n","protected":false},"author":1,"featured_media":0,"parent":5975,"menu_order":6,"comment_status":"closed","ping_status":"closed","template":"","meta":{"footnotes":"","_links_to":"","_links_to_target":""},"class_list":["post-5994","page","type-page","status-publish","hentry"],"_links":{"self":[{"href":"http:\/\/archiv.artsafiental.ch\/en\/wp-json\/wp\/v2\/pages\/5994","targetHints":{"allow":["GET"]}}],"collection":[{"href":"http:\/\/archiv.artsafiental.ch\/en\/wp-json\/wp\/v2\/pages"}],"about":[{"href":"http:\/\/archiv.artsafiental.ch\/en\/wp-json\/wp\/v2\/types\/page"}],"author":[{"embeddable":true,"href":"http:\/\/archiv.artsafiental.ch\/en\/wp-json\/wp\/v2\/users\/1"}],"replies":[{"embeddable":true,"href":"http:\/\/archiv.artsafiental.ch\/en\/wp-json\/wp\/v2\/comments?post=5994"}],"version-history":[{"count":13,"href":"http:\/\/archiv.artsafiental.ch\/en\/wp-json\/wp\/v2\/pages\/5994\/revisions"}],"predecessor-version":[{"id":6934,"href":"http:\/\/archiv.artsafiental.ch\/en\/wp-json\/wp\/v2\/pages\/5994\/revisions\/6934"}],"up":[{"embeddable":true,"href":"http:\/\/archiv.artsafiental.ch\/en\/wp-json\/wp\/v2\/pages\/5975"}],"wp:attachment":[{"href":"http:\/\/archiv.artsafiental.ch\/en\/wp-json\/wp\/v2\/media?parent=5994"}],"curies":[{"name":"wp","href":"https:\/\/api.w.org\/{rel}","templated":true}]}}