{"id":5973,"date":"2024-02-21T10:16:19","date_gmt":"2024-02-21T09:16:19","guid":{"rendered":"http:\/\/archiv.artsafiental.ch\/?page_id=5973"},"modified":"2024-04-24T23:34:03","modified_gmt":"2024-04-24T21:34:03","slug":"art-safiental","status":"publish","type":"page","link":"http:\/\/archiv.artsafiental.ch\/en\/as2024\/ueber\/art-safiental\/","title":{"rendered":"Safien Valley"},"content":{"rendered":"<p><\/p>\n<h1>Safiental<\/h1>\n<p>Safiental is located in the canton of Grisons (Switzerland). Since 2013 the\u00a0<a href=\"https:\/\/gemeinde.safiental.ch\/DE\/safiental.html\">municipality<\/a>\u00a0has incorporated Valendas, Versam, Tenna, and Safien and extends in a north-south direction from the Rhine Gorge to the Safierberg at the intersection with Spl\u00fcgen. The area was originally farmed by Romans, which is still evident in the old field names. From the end of the 12th century the Walser emigrated from Upper Valais to Grisons and the Safiental was settled by them. The valley is a popular hiking, skiing and touring area committed to nature-based and sustainable\u00a0<a href=\"https:\/\/safiental.ch\/DE\/tourismus.html\">tourism<\/a>. In 2011, the world\u2019s first solar ski lift was put into operation in Tenna.<\/p>\n<p><img loading=\"lazy\" decoding=\"async\" class=\"alignnone size-full wp-image-117\" src=\"http:\/\/alpsartacademy.ch\/wp-content\/uploads\/2016\/03\/Bildschirmfoto-2015-12-30-um-22.41.04.png\" alt=\"Bildschirmfoto 2015-12-30 um 22.41.04\" width=\"1092\" height=\"416\" srcset=\"http:\/\/archiv.artsafiental.ch\/wp-content\/uploads\/2016\/03\/Bildschirmfoto-2015-12-30-um-22.41.04.png 1092w, http:\/\/archiv.artsafiental.ch\/wp-content\/uploads\/2016\/03\/Bildschirmfoto-2015-12-30-um-22.41.04-300x114.png 300w, http:\/\/archiv.artsafiental.ch\/wp-content\/uploads\/2016\/03\/Bildschirmfoto-2015-12-30-um-22.41.04-768x293.png 768w, http:\/\/archiv.artsafiental.ch\/wp-content\/uploads\/2016\/03\/Bildschirmfoto-2015-12-30-um-22.41.04-1024x390.png 1024w\" sizes=\"auto, (max-width: 1092px) 100vw, 1092px\" \/><\/p>\n<p>To the north, the Safiental terminates in the imposing\u00a0<a href=\"http:\/\/www.rheinschlucht.ch\">Rhine Gorge<\/a>\u00a0which, with its rugged cliffs, islands and floodplain forests, is one of the most magnificent and varied landscapes in the Alps. In 1977, it was included as one of the first areas of Switzerland in the \u201cFederal Inventory of Landscapes and Natural Monuments of National Importance\u201d.<\/p>\n<p>The Safiental is part of the\u00a0<a href=\"http:\/\/www.naturpark-beverin.ch\/\">Beverin Nature Park<\/a>. The Piz Beverin forms the center of the park\u2019s perimeter. The park extends from the Viamala gorge, in Schams, to\u00a0Sufers, and into the Rheinwald, over the Safierberg to the Safiental and up to the Rhine Gorge. The cultural diversity of the Beverin Nature Park is reflected in intact townscapes, scattered traditional settlements and carefully managed cultural landscapes.<\/p>\n<p><img loading=\"lazy\" decoding=\"async\" class=\"alignnone size-full wp-image-122\" src=\"http:\/\/alpsartacademy.ch\/wp-content\/uploads\/2016\/03\/Bildschirmfoto-2016-03-07-um-15.54.21.png\" alt=\"Bildschirmfoto 2016-03-07 um 15.54.21\" width=\"1479\" height=\"513\" srcset=\"http:\/\/archiv.artsafiental.ch\/wp-content\/uploads\/2016\/03\/Bildschirmfoto-2016-03-07-um-15.54.21.png 1479w, http:\/\/archiv.artsafiental.ch\/wp-content\/uploads\/2016\/03\/Bildschirmfoto-2016-03-07-um-15.54.21-300x104.png 300w, http:\/\/archiv.artsafiental.ch\/wp-content\/uploads\/2016\/03\/Bildschirmfoto-2016-03-07-um-15.54.21-768x266.png 768w, http:\/\/archiv.artsafiental.ch\/wp-content\/uploads\/2016\/03\/Bildschirmfoto-2016-03-07-um-15.54.21-1024x355.png 1024w\" sizes=\"auto, (max-width: 1479px) 100vw, 1479px\" \/><\/p>\n<p><a href=\"http:\/\/archiv.artsafiental.ch\/safiental\/natur-und-kunst\/\"><strong>Nature and Culture<\/strong><\/a><br \/>\n<a href=\"http:\/\/archiv.artsafiental.ch\/safiental\/photos\/\"><strong>Photos Summer<\/strong><\/a><br \/>\n<a href=\"http:\/\/archiv.artsafiental.ch\/safiental\/fotos-winter\/\"><strong>Photos Winter<\/strong><\/a><\/p>\n<p><strong>Literature:<\/strong><strong><br \/>\n<\/strong>\u2013 Hans Bandli, Leonhard Bandli:\u00a0<em>Im Safiental<\/em>. Walservereinigung Graub\u00fcnden, 2002<br \/>\n\u2013 Elisabeth Bardill: <em>Leben im Bergdorf. Frauen in Tenna<\/em>. Edition Bardill, 2010<br \/>\n\u2013 Konrad Buchli:\u00a0<em>Geschichten aus den Bergen. Erinnerungen eines Safiers<\/em>. Walservereinigung Graub\u00fcnden, 2005<br \/>\n\u2013\u00a0Erika Fl\u00fcckiger Strebel, Peter Luder, Peter Mattli, Lukas Ott: Safiental &#8211; Kulturlandschaftsf\u00fchrer, Weber Verlag: Thun\/Gwatt (2003)<br \/>\n\u2013 Mattli Hunger: <em>Das Safiental.<\/em> In: Hedinger\/H\u00f6lling (Hg): Landscape #1, Institute for Land and Environmental Art, Vexer Verlag, St.Gallen\/Berlin 2020, S. 140ff<br \/>\n\u2013 Mattli Hunger:\u00a0<em>\u00c4rdenkt und \u00e4rzellt. S\u00f2\u00f2fier Gschicht\u00e4 vo \u00e4si\u00e4 und h\u00fct<\/em>. Walservereinigung Graub\u00fcnden, 2008<br \/>\n\u2013\u00a0Mattli Hunger:\u00a0<em>Orts- und Flurnamen von Safien und Tenna<\/em>, 2013<br \/>\n\u2013 Lukas Ott\/ Jolanda Rechsteiner: <em>Landschaft und Kultur im Safiental<\/em>. In: Hedinger\/H\u00f6lling (Hg): Landscape #1, Institute for Land and Environmental Art, Vexer Verlag, St.Gallen\/Berlin 2020, S. 146ff<br \/>\n\u2013 Barbara Steinmann, Elisabeth Bardill, Maria Hunger-Fry: <em>Safiental \u2013 Ruinaulta. Vom Safierberg zur Rheinschlucht<\/em>. Verlag Terra Grischuna, Chur 2008<\/p>\n<p><strong>Web:<\/strong><br \/>\n<a href=\"https:\/\/safiental.ch\/DE\/home.html\">http:\/\/www.safiental.ch\/tourismus\/<\/a><br \/>\n<a href=\"https:\/\/de.wikipedia.org\/wiki\/Safiental\">https:\/\/de.wikipedia.org\/wiki\/Safiental<\/a><br \/>\n<a href=\"https:\/\/www.surselva.info\/Ferienregionen\/Safiental\">Surselva Safiental<\/a><br \/>\n<a href=\"https:\/\/hls-dhs-dss.ch\/de\/articles\/001483\/2020-04-23\/\">Historisches Lexikon der Schweiz: Safien<\/a><\/p>\n<p>&nbsp;<\/p>","protected":false},"excerpt":{"rendered":"<p>Safiental Safiental is located in the canton of Grisons (Switzerland). Since 2013 the\u00a0municipality\u00a0has incorporated Valendas, Versam, Tenna, and Safien and extends in a north-south direction from the Rhine Gorge to the Safierberg at the intersection with Spl\u00fcgen. The area was originally farmed by Romans, which is still evident in the old field names. From the [&hellip;]<\/p>\n","protected":false},"author":1,"featured_media":0,"parent":5971,"menu_order":1,"comment_status":"closed","ping_status":"closed","template":"","meta":{"footnotes":"","_links_to":"","_links_to_target":""},"class_list":["post-5973","page","type-page","status-publish","hentry"],"_links":{"self":[{"href":"http:\/\/archiv.artsafiental.ch\/en\/wp-json\/wp\/v2\/pages\/5973","targetHints":{"allow":["GET"]}}],"collection":[{"href":"http:\/\/archiv.artsafiental.ch\/en\/wp-json\/wp\/v2\/pages"}],"about":[{"href":"http:\/\/archiv.artsafiental.ch\/en\/wp-json\/wp\/v2\/types\/page"}],"author":[{"embeddable":true,"href":"http:\/\/archiv.artsafiental.ch\/en\/wp-json\/wp\/v2\/users\/1"}],"replies":[{"embeddable":true,"href":"http:\/\/archiv.artsafiental.ch\/en\/wp-json\/wp\/v2\/comments?post=5973"}],"version-history":[{"count":6,"href":"http:\/\/archiv.artsafiental.ch\/en\/wp-json\/wp\/v2\/pages\/5973\/revisions"}],"predecessor-version":[{"id":6244,"href":"http:\/\/archiv.artsafiental.ch\/en\/wp-json\/wp\/v2\/pages\/5973\/revisions\/6244"}],"up":[{"embeddable":true,"href":"http:\/\/archiv.artsafiental.ch\/en\/wp-json\/wp\/v2\/pages\/5971"}],"wp:attachment":[{"href":"http:\/\/archiv.artsafiental.ch\/en\/wp-json\/wp\/v2\/media?parent=5973"}],"curies":[{"name":"wp","href":"https:\/\/api.w.org\/{rel}","templated":true}]}}