{"id":5968,"date":"2024-02-21T13:45:05","date_gmt":"2024-02-21T12:45:05","guid":{"rendered":"http:\/\/archiv.artsafiental.ch\/?page_id=5968"},"modified":"2024-11-22T17:55:12","modified_gmt":"2024-11-22T16:55:12","slug":"publikation","status":"publish","type":"page","link":"http:\/\/archiv.artsafiental.ch\/en\/as2024\/publikation\/","title":{"rendered":"PUBLICATION"},"content":{"rendered":"<p><\/p>\n<h1>PUBLICATIONS<\/h1>\n<p><img loading=\"lazy\" decoding=\"async\" class=\"alignleft size-full wp-image-6077\" src=\"http:\/\/archiv.artsafiental.ch\/wp-content\/uploads\/2024\/02\/11_Publikationen-ILEA-scaled.jpg\" alt=\"\" width=\"2560\" height=\"1920\" srcset=\"http:\/\/archiv.artsafiental.ch\/wp-content\/uploads\/2024\/02\/11_Publikationen-ILEA-scaled.jpg 2560w, http:\/\/archiv.artsafiental.ch\/wp-content\/uploads\/2024\/02\/11_Publikationen-ILEA-300x225.jpg 300w, http:\/\/archiv.artsafiental.ch\/wp-content\/uploads\/2024\/02\/11_Publikationen-ILEA-1024x768.jpg 1024w, http:\/\/archiv.artsafiental.ch\/wp-content\/uploads\/2024\/02\/11_Publikationen-ILEA-768x576.jpg 768w, http:\/\/archiv.artsafiental.ch\/wp-content\/uploads\/2024\/02\/11_Publikationen-ILEA-1536x1152.jpg 1536w, http:\/\/archiv.artsafiental.ch\/wp-content\/uploads\/2024\/02\/11_Publikationen-ILEA-2048x1536.jpg 2048w\" sizes=\"auto, (max-width: 2560px) 100vw, 2560px\" \/><\/p>\n<p>The ILEA Institute for Land and Environmental Art publishes two series of publications: The paperback series <strong>ILEA Books<\/strong> which focuses on individual topics, positions, exhibitions or research and the series <strong>LANDSCAPE<\/strong> which reflects the work and activities of the ILEA Institute over several years. ILEA also acts as a publisher of third-party publications.<\/p>\n<p><span style=\"color: #ff0000;\"><strong>ILEA Books<\/strong><\/span><\/p>\n<p><strong>No. 2\u00a0 \u2013 WHAT IF? LETTERS TO THE FUTURE\u00a0<\/strong>(2024)<br \/>\nWhat if? \u2013 Freedom of thought and the power of renewal begin with this simple question. The letters to the future collected here are not prophecies but reflect a world in upheaval between hope and horror, transformation and speculation, they are also full of enthusiasm for the future. These ideas and thoughts from visionary people who call on us to use our mind and creativity to create a livable and sustainable future for everyone. &gt; <a href=\"http:\/\/archiv.artsafiental.ch\/wp-content\/uploads\/2024\/11\/Info-Book-2_E.pdf\">detailed information<\/a>.<\/p>\n<p><strong>Essays<\/strong>: Ravi Agarwal, Annemarie Bucher, Ishita Chakraborty, Damian Christinger, Magali Dougoud, Hayat Erdo\u011fan, Anne-Laure Franchette, Johannes M. Hedinger, Kim de l\u2019Horizon, Josiane Imhasly, Monica Ursina J\u00e4ger, Dominik Landwehr, Joanna Le\u015bnierowska, Paulina Lopez, Harald Welzer, Andr\u00e9 Wilkens.<br \/>\n<strong>Dossier<\/strong>: Marc Aug\u00e9, Octavia E. Butler, David Graeber, Donna Haraway, Robin Wall Kimmerer, Roman Krznaric, Ursula K. Le Guin, Lesley Lokko, Achille Mbembe, Milo Rau, Nikolaj Schultz, Vandana Shiva, Edward Snowden, Rebecca Soltnit, Greta Thunberg, Anne L. Tsing, Slavoj \u017di\u017eek and others.<br \/>\n<strong>Art works: <\/strong>Ravi Agarwal and Paulina Lopez, Paloma Ayala, Magali Dougoud, Hemauer\/Keller, Monica Ursina J\u00e4ger, Ola Maciejewska, Sujit Mallik, Vibeke Mascini, Farah Mulla, Ernesto Neto, QUARTO, Stefanie Salzman, Renae Shadler, Andrea Todisco, Huhtamaki Wab.<\/p>\n<p>Editor: Johannes M. Hedinger<br \/>\nEditorial collaboration: Hendrick Krone<br \/>\nBook design: Alltag Agentur, Philip B\u00fchrer \/ Layout: Rachel K\u00fchne<br \/>\nGerman\/English, 204 Seiten<br \/>\nISBN: 978-3-907112-87-8<br \/>\nVexer Verlag St.Gallen \/ Berlin\u00a0 \u00a0 \u00a0 \u00a0 \u00a0 \u00a0 \u00a0<a href=\"https:\/\/vexer.ch\/en\/products\/what-if-letters-to-the-future?_pos=4&amp;_sid=ba2500350&amp;_ss=r\">Order<\/a><\/p>\n<p><strong><br \/>\nNo. 1\u00a0 \u2013 <\/strong><strong>LEARNING FROM THE EARTH<\/strong><strong>\u00a0<\/strong>(2023)<br \/>\nThe texts, ideas, instructions, and art projects gathered in this book reflect on our relationship with the earth and the lessons we can derive from it. The contributions not only urge us to respond to the pressing issue of climate emergency, but also remind of certain neglected or unlearned ways in which we can engage in dialogue with the earth. What they have in common is the question of how we can shape a more ecological and just future.<\/p>\n<p><strong>Essays<\/strong>: Ravi Agarwal, Annemarie Bucher, Lucius Burckhardt, Damian Christinger, Johannes M. Hedinger, Brigitte Jurack, Kaleidoskop, Marcus Maeder, Dharmendra Prasad<br \/>\n<strong>Dossier<\/strong>: Etel Adnan, Karen Barad, James Bridle, Dipesh Chakrabarty, T.J. Demos, Olafur Eliasson, Fridays For Future, Donna J. Haraway, Naomi Klein, Bruno Latour, Lucy R. Lippard, Robert Macfarlane, Lynn Margulis, Timothy Morton, Yoko Ono, Vandana Shiva, Greta Thunberg and others.<br \/>\n<strong>Art works:<\/strong>\u00a0Lara Almarcegui, Badel\/Sarbach, Ursula Biemann, Julius von Bismarck, Buchli\/Isenschmid, Com&amp;Com, Saskia Edens, Lithic Alliance, Marcus Maeder, !Mediengruppe Bitnik, Dharmendra Prasad, Simon\/Odermatt, Sound Kite Ensemble, Gerda Steiner\/J\u00f6rg Lenzlinger, Ben Vautier<\/p>\n<p>Editor: Johannes M. Hedinger<br \/>\nEditorial collaboration: Hendrick Krone<br \/>\nBook design: Alltag Agentur, Philip B\u00fchrer \/ Layout: Rachel K\u00fchne<br \/>\nGerman\/English, 176 Seiten<br \/>\nISBN: 978-3-907112-64-9<br \/>\nVexer Verlag St.Gallen \/ Berlin\u00a0\u00a0\u00a0\u00a0\u00a0\u00a0\u00a0\u00a0\u00a0\u00a0 <a href=\"https:\/\/vexer.ch\/products\/learning-from-the-earth\">Order<\/a><\/p>\n<p><span style=\"color: #ff0000;\"><strong><br \/>\nLANDSCAPE<\/strong><\/span><\/p>\n<p><strong>#1\u00a0 \u2013 LANDSCAPE<\/strong> (2020)<\/p>\n<p><strong>Essays<\/strong><strong>:<\/strong>\u00a0Aufdi Aufdermauer, Delphine Chapuis Schmitz, William L. Fox, Johannes M. Hedinger, Hanna B. H\u00f6lling, Mattli Hunger, Sibylle Omlin, Janis Osolin, Lukas Ott, Jano Felice Pajarola, Jolanda Rechsteiner, Emily Eliza Scott, Chris Taylor, Lucie Tuma<br \/>\n<strong>Art works<\/strong><strong>:<\/strong> Lita Albuquerque, Ueli Alder, Atelier f\u00fcr Sonderaufgaben, Paul Barsch &amp; Tilman Hornig, Bildstein | Glatz, Mirja Busch, Delphine Chapuis Schmitz, Com&amp;Com, DIG Collective, Les Fr\u00e8res Chapuisat, H. R. Fricker, Gabriela Gerber \/ Lukas Bardill, Bob Gramsma, Marianne Halter &amp; Mario Marchisella, Jaffa Lam, Ingeborg L\u00fcscher, Filippo Minelli, Raumlabor, Steve Rowell, Analia Saban, Roman Signer and many more.<\/p>\n<p>Editor: Johannes M. Hedinger, Hanna H\u00f6lling<br \/>\nEditorial collaboration: Mirja Busch<br \/>\nBook Design: Alltag Agentur, Philip B\u00fchrer, Layout: Janine Lorenz<br \/>\nGerman\/English, 288 Seiten, 114 Abbildungen<br \/>\nISBN 978-3-9090-94-5<br \/>\nVexer Verlag St.Gallen \/ Berlin\u00a0 \u00a0 \u00a0 \u00a0 <a href=\"https:\/\/vexer.ch\/products\/landscape-1-institute-for-land-and-environmental-art?_pos=1&amp;_sid=f7bfd2fe7&amp;_ss=r\">Order<\/a><\/p>\n<p><img loading=\"lazy\" decoding=\"async\" class=\"alignleft size-full wp-image-6076\" src=\"http:\/\/archiv.artsafiental.ch\/wp-content\/uploads\/2024\/02\/X2xCover.jpeg\" alt=\"\" width=\"1024\" height=\"768\" srcset=\"http:\/\/archiv.artsafiental.ch\/wp-content\/uploads\/2024\/02\/X2xCover.jpeg 1024w, http:\/\/archiv.artsafiental.ch\/wp-content\/uploads\/2024\/02\/X2xCover-300x225.jpeg 300w, http:\/\/archiv.artsafiental.ch\/wp-content\/uploads\/2024\/02\/X2xCover-768x576.jpeg 768w\" sizes=\"auto, (max-width: 1024px) 100vw, 1024px\" \/><\/p>","protected":false},"excerpt":{"rendered":"<p>PUBLICATIONS The ILEA Institute for Land and Environmental Art publishes two series of publications: The paperback series ILEA Books which focuses on individual topics, positions, exhibitions or research and the series LANDSCAPE which reflects the work and activities of the ILEA Institute over several years. ILEA also acts as a publisher of third-party publications. ILEA [&hellip;]<\/p>\n","protected":false},"author":1,"featured_media":0,"parent":5942,"menu_order":4,"comment_status":"closed","ping_status":"closed","template":"","meta":{"footnotes":"","_links_to":"","_links_to_target":""},"class_list":["post-5968","page","type-page","status-publish","hentry"],"_links":{"self":[{"href":"http:\/\/archiv.artsafiental.ch\/en\/wp-json\/wp\/v2\/pages\/5968","targetHints":{"allow":["GET"]}}],"collection":[{"href":"http:\/\/archiv.artsafiental.ch\/en\/wp-json\/wp\/v2\/pages"}],"about":[{"href":"http:\/\/archiv.artsafiental.ch\/en\/wp-json\/wp\/v2\/types\/page"}],"author":[{"embeddable":true,"href":"http:\/\/archiv.artsafiental.ch\/en\/wp-json\/wp\/v2\/users\/1"}],"replies":[{"embeddable":true,"href":"http:\/\/archiv.artsafiental.ch\/en\/wp-json\/wp\/v2\/comments?post=5968"}],"version-history":[{"count":15,"href":"http:\/\/archiv.artsafiental.ch\/en\/wp-json\/wp\/v2\/pages\/5968\/revisions"}],"predecessor-version":[{"id":7153,"href":"http:\/\/archiv.artsafiental.ch\/en\/wp-json\/wp\/v2\/pages\/5968\/revisions\/7153"}],"up":[{"embeddable":true,"href":"http:\/\/archiv.artsafiental.ch\/en\/wp-json\/wp\/v2\/pages\/5942"}],"wp:attachment":[{"href":"http:\/\/archiv.artsafiental.ch\/en\/wp-json\/wp\/v2\/media?parent=5968"}],"curies":[{"name":"wp","href":"https:\/\/api.w.org\/{rel}","templated":true}]}}