{"id":47,"date":"2016-03-05T01:15:02","date_gmt":"2016-03-05T00:15:02","guid":{"rendered":"http:\/\/archiv.artsafiental.ch\/?page_id=47"},"modified":"2016-07-29T13:39:37","modified_gmt":"2016-07-29T11:39:37","slug":"credits","status":"publish","type":"page","link":"http:\/\/archiv.artsafiental.ch\/en\/as2016\/ausstellung\/credits\/","title":{"rendered":"Credits"},"content":{"rendered":"<p><\/p>\n<h1>Credits<\/h1>\n<p><strong>Curator<\/strong>: Johannes M. Hedinger<br \/>\n<strong>Coordinator<\/strong>: Jolanda Rechsteiner,\u00a0Pro Safiental\/Safiental Tourismus<br \/>\n<strong>Invited artists:<\/strong> Atelier f\u00fcr Sonderaufgaben (CH), Com&amp;Com (CH), Les Fr\u00e8res Chapuisat (CH), Jaffa Lam (HK), Filippo Minelli (I), Raumlabor (D)<br \/>\n<strong>Guest artists<\/strong>: Paul Barsch (D), H.R. Fricker (CH), Delphine Chapuis-Schmitz (F)<br \/>\n<strong>Theory \u00a0and mediation<\/strong>: Hanna H\u00f6lling, Konstanze Sch\u00fctze<br \/>\n<strong>Texts<\/strong>: Johannes M. Hedinger,\u00a0Hanna H\u00f6lling<br \/>\n<strong>Video<\/strong>: Paul Barsch<br \/>\n<strong>Photography<\/strong>: Ueli Alder, Filippo Minelli, Johannes Hedinger, u.a.<br \/>\n<strong>Graphic Design<\/strong>: Yvonne Rogenmoser\u00a0Illustration<br \/>\n<strong>Website: <\/strong>Mario Barichello, Schattenwerk; Johannes M. Hedinger<br \/>\n<strong>Media: <\/strong>Susi Schildknecht<br \/>\n<strong>Accommodation, food<\/strong>: Pension Alpenblick, Tenna<br \/>\n<strong>Project team<\/strong>: Thomas Buchli, Fiona Good, Sebastian Lenggenhager, Cathrin Pedrolini, Lukas Ott, Guido Tenti<br \/>\n<strong>Helpers<\/strong>: Branko B\u00fcrgin, Daniel Buchli, Thomas Buchli, Marco Casanova, Patrick Ebi, Reto Gartmann, Roger Gentinetta, Mich\u00e8le H\u00fcrlimann, Barbara Joos, Stefan Joos, Alex Messmer, Josi Messmer, Jean-Claude Pedrolini, Thomas Rogenmoser, Martin Schaufelberger, Silvie Schaufelberger, \u00a0Ueli Schaufelberger, Thomas Schmid, Solarskilift Tenna, Walter von Ah, Marco Waldburger<\/p>\n<p><img loading=\"lazy\" decoding=\"async\" class=\"alignnone size-large wp-image-384\" src=\"http:\/\/archiv.artsafiental.ch\/wp-content\/uploads\/2016\/04\/AAA_Prepweekend020-1024x768.jpg\" alt=\"AAA_Prepweekend020\" width=\"1024\" height=\"768\" srcset=\"http:\/\/archiv.artsafiental.ch\/wp-content\/uploads\/2016\/04\/AAA_Prepweekend020-1024x768.jpg 1024w, http:\/\/archiv.artsafiental.ch\/wp-content\/uploads\/2016\/04\/AAA_Prepweekend020-300x225.jpg 300w, http:\/\/archiv.artsafiental.ch\/wp-content\/uploads\/2016\/04\/AAA_Prepweekend020-768x576.jpg 768w\" sizes=\"auto, (max-width: 1024px) 100vw, 1024px\" \/><\/p>","protected":false},"excerpt":{"rendered":"<p>Credits Curator: Johannes M. Hedinger Coordinator: Jolanda Rechsteiner,\u00a0Pro Safiental\/Safiental Tourismus Invited artists: Atelier f\u00fcr Sonderaufgaben (CH), Com&amp;Com (CH), Les Fr\u00e8res Chapuisat (CH), Jaffa Lam (HK), Filippo Minelli (I), Raumlabor (D) Guest artists: Paul Barsch (D), H.R. Fricker (CH), Delphine Chapuis-Schmitz (F) Theory \u00a0and mediation: Hanna H\u00f6lling, Konstanze Sch\u00fctze Texts: Johannes M. Hedinger,\u00a0Hanna H\u00f6lling Video: Paul [&hellip;]<\/p>\n","protected":false},"author":2,"featured_media":0,"parent":476,"menu_order":5,"comment_status":"closed","ping_status":"closed","template":"","meta":{"footnotes":"","_links_to":"","_links_to_target":""},"class_list":["post-47","page","type-page","status-publish","hentry"],"_links":{"self":[{"href":"http:\/\/archiv.artsafiental.ch\/en\/wp-json\/wp\/v2\/pages\/47","targetHints":{"allow":["GET"]}}],"collection":[{"href":"http:\/\/archiv.artsafiental.ch\/en\/wp-json\/wp\/v2\/pages"}],"about":[{"href":"http:\/\/archiv.artsafiental.ch\/en\/wp-json\/wp\/v2\/types\/page"}],"author":[{"embeddable":true,"href":"http:\/\/archiv.artsafiental.ch\/en\/wp-json\/wp\/v2\/users\/2"}],"replies":[{"embeddable":true,"href":"http:\/\/archiv.artsafiental.ch\/en\/wp-json\/wp\/v2\/comments?post=47"}],"version-history":[{"count":22,"href":"http:\/\/archiv.artsafiental.ch\/en\/wp-json\/wp\/v2\/pages\/47\/revisions"}],"predecessor-version":[{"id":977,"href":"http:\/\/archiv.artsafiental.ch\/en\/wp-json\/wp\/v2\/pages\/47\/revisions\/977"}],"up":[{"embeddable":true,"href":"http:\/\/archiv.artsafiental.ch\/en\/wp-json\/wp\/v2\/pages\/476"}],"wp:attachment":[{"href":"http:\/\/archiv.artsafiental.ch\/en\/wp-json\/wp\/v2\/media?parent=47"}],"curies":[{"name":"wp","href":"https:\/\/api.w.org\/{rel}","templated":true}]}}