{"id":4682,"date":"2022-08-04T07:45:44","date_gmt":"2022-08-04T05:45:44","guid":{"rendered":"http:\/\/archiv.artsafiental.ch\/?page_id=4682"},"modified":"2022-10-18T21:59:24","modified_gmt":"2022-10-18T19:59:24","slug":"klimapavillon","status":"publish","type":"page","link":"http:\/\/archiv.artsafiental.ch\/en\/as2022\/hiddenpage\/klimapavillon\/","title":{"rendered":"KLIMAPAVILLON SAFIENTAL"},"content":{"rendered":"<p><\/p>\n<h1>KLIMAPAVILLON SAFIENTAL: Exchange stable \u201eG\u00e4\u00e4 &amp; N\u00e4\u00e4\u201c<\/h1>\n<p>Valendas, stable near the village fountain \u2013 GPS: 46.78789, 9.28250 &#8211; Open daily from 9-21 h.<\/p>\n<p><img loading=\"lazy\" decoding=\"async\" class=\"alignnone size-large wp-image-5519\" src=\"http:\/\/archiv.artsafiental.ch\/wp-content\/uploads\/2022\/08\/15A-Klimapavillon-Valendas_Art-Safiental22-1024x683.jpg\" alt=\"\" width=\"1024\" height=\"683\" srcset=\"http:\/\/archiv.artsafiental.ch\/wp-content\/uploads\/2022\/08\/15A-Klimapavillon-Valendas_Art-Safiental22-1024x683.jpg 1024w, http:\/\/archiv.artsafiental.ch\/wp-content\/uploads\/2022\/08\/15A-Klimapavillon-Valendas_Art-Safiental22-300x200.jpg 300w, http:\/\/archiv.artsafiental.ch\/wp-content\/uploads\/2022\/08\/15A-Klimapavillon-Valendas_Art-Safiental22-768x512.jpg 768w, http:\/\/archiv.artsafiental.ch\/wp-content\/uploads\/2022\/08\/15A-Klimapavillon-Valendas_Art-Safiental22-1536x1025.jpg 1536w, http:\/\/archiv.artsafiental.ch\/wp-content\/uploads\/2022\/08\/15A-Klimapavillon-Valendas_Art-Safiental22-2048x1366.jpg 2048w\" sizes=\"auto, (max-width: 1024px) 100vw, 1024px\" \/><\/p>\n<p>Within the framework of the Art Safiental there is a cooperation with the Klimapavillon Z\u00fcrich and MYBLUEPLANET in Valendas. The model of the exchange house and exchange mobile, successfully tested in Winterthur and Zurich, now comes temporarily to Safiental for the summer season.<br \/>\nFrom July 2 to October 23, 2022, the exchange stable \u201cGive &amp; Take\u201d will be set up in the Brunner family&#8217;s stable next to the Grauhuus on the village square. According to the slogan: Give &amp; Take &#8211; so that things live longer. And: What you have standing around unused is still needed elsewhere!<\/p>\n<p>Conscious use of resources protects the climate. Passing on and reusing gives pleasure and allows the lifetime and useful life of products to be extended. In this way, everyone can actively contribute to responsible use and subsequent disposal behavior, thereby reducing CO2 emissions.<\/p>\n<p>We look forward to seeing the exchange stable fill up with items and become a place of Give &amp; Take. There will also be an exchange wall where goods can be presented which cannot be brought to the stable by oneself.<\/p>\n<p><strong>Rules for the &#8220;Tuusch-Stall G\u00e4\u00e4 &amp; N\u00e4\u00e4<\/strong><\/p>\n<p><strong>No sale<\/strong><br \/>\nEverything in the stable is for personal use only.<\/p>\n<p><strong>Good condition<\/strong><br \/>\nOnly clean, well-maintained and complete\/undamaged items are allowed. No perishable goods.<\/p>\n<p><strong>Order<\/strong><br \/>\nFair play is a point of honor: everyone leaves a clean, orderly swap site to help ensure the success of the initiative.<\/p>\n<p><strong>Nothing Dangerous<\/strong><br \/>\nDangerous items such as knives or highly flammable items are not allowed.<\/p>\n<p><strong>Questions?<\/strong><br \/>\nSafiental Tourism, Tel. 081 630 60 16 or info@safiental.ch<\/p>\n<p><span style=\"color: #0b78b8;\">Collaboration:<\/span> Sebi OBANplan GmbH Tenna, Sebi Nauck, Salome Oppliger, Lena Witschi, Luc Isenschmid<br \/>\n<span style=\"color: #0b78b8;\">Support\/thanks:<\/span> Daniela &amp; Hanspeter Brunner, Klimapavillon Z\u00fcrich, MYBLUEPLANET,<br \/>\nMarkus Keller, Karin Witschi, Elisabeth Stern, Jolanda Rechsteiner<\/p>\n<p><img loading=\"lazy\" decoding=\"async\" class=\"alignnone size-large wp-image-5520\" src=\"http:\/\/archiv.artsafiental.ch\/wp-content\/uploads\/2022\/08\/15B-Klimapavillon-Valendas_Art-Safiental22-1024x683.jpg\" alt=\"\" width=\"1024\" height=\"683\" srcset=\"http:\/\/archiv.artsafiental.ch\/wp-content\/uploads\/2022\/08\/15B-Klimapavillon-Valendas_Art-Safiental22-1024x683.jpg 1024w, http:\/\/archiv.artsafiental.ch\/wp-content\/uploads\/2022\/08\/15B-Klimapavillon-Valendas_Art-Safiental22-300x200.jpg 300w, http:\/\/archiv.artsafiental.ch\/wp-content\/uploads\/2022\/08\/15B-Klimapavillon-Valendas_Art-Safiental22-768x512.jpg 768w, http:\/\/archiv.artsafiental.ch\/wp-content\/uploads\/2022\/08\/15B-Klimapavillon-Valendas_Art-Safiental22-1536x1025.jpg 1536w, http:\/\/archiv.artsafiental.ch\/wp-content\/uploads\/2022\/08\/15B-Klimapavillon-Valendas_Art-Safiental22-2048x1366.jpg 2048w\" sizes=\"auto, (max-width: 1024px) 100vw, 1024px\" \/><\/p>","protected":false},"excerpt":{"rendered":"<p>KLIMAPAVILLON SAFIENTAL: Exchange stable \u201eG\u00e4\u00e4 &amp; N\u00e4\u00e4\u201c Valendas, stable near the village fountain \u2013 GPS: 46.78789, 9.28250 &#8211; Open daily from 9-21 h. Within the framework of the Art Safiental there is a cooperation with the Klimapavillon Z\u00fcrich and MYBLUEPLANET in Valendas. The model of the exchange house and exchange mobile, successfully tested in Winterthur [&hellip;]<\/p>\n","protected":false},"author":1,"featured_media":0,"parent":4679,"menu_order":15,"comment_status":"closed","ping_status":"closed","template":"","meta":{"footnotes":"","_links_to":"","_links_to_target":""},"class_list":["post-4682","page","type-page","status-publish","hentry"],"_links":{"self":[{"href":"http:\/\/archiv.artsafiental.ch\/en\/wp-json\/wp\/v2\/pages\/4682","targetHints":{"allow":["GET"]}}],"collection":[{"href":"http:\/\/archiv.artsafiental.ch\/en\/wp-json\/wp\/v2\/pages"}],"about":[{"href":"http:\/\/archiv.artsafiental.ch\/en\/wp-json\/wp\/v2\/types\/page"}],"author":[{"embeddable":true,"href":"http:\/\/archiv.artsafiental.ch\/en\/wp-json\/wp\/v2\/users\/1"}],"replies":[{"embeddable":true,"href":"http:\/\/archiv.artsafiental.ch\/en\/wp-json\/wp\/v2\/comments?post=4682"}],"version-history":[{"count":6,"href":"http:\/\/archiv.artsafiental.ch\/en\/wp-json\/wp\/v2\/pages\/4682\/revisions"}],"predecessor-version":[{"id":5857,"href":"http:\/\/archiv.artsafiental.ch\/en\/wp-json\/wp\/v2\/pages\/4682\/revisions\/5857"}],"up":[{"embeddable":true,"href":"http:\/\/archiv.artsafiental.ch\/en\/wp-json\/wp\/v2\/pages\/4679"}],"wp:attachment":[{"href":"http:\/\/archiv.artsafiental.ch\/en\/wp-json\/wp\/v2\/media?parent=4682"}],"curies":[{"name":"wp","href":"https:\/\/api.w.org\/{rel}","templated":true}]}}