{"id":4661,"date":"2022-03-29T14:58:23","date_gmt":"2022-03-29T12:58:23","guid":{"rendered":"http:\/\/archiv.artsafiental.ch\/?page_id=4661"},"modified":"2024-08-05T14:49:55","modified_gmt":"2024-08-05T12:49:55","slug":"presse","status":"publish","type":"page","link":"http:\/\/archiv.artsafiental.ch\/en\/as2022\/presse\/","title":{"rendered":"MEDIA"},"content":{"rendered":"<p><\/p>\n<h1>Media<\/h1>\n<p><strong>FOR THE MEDIA<\/strong><\/p>\n<p style=\"text-align: left;\"><strong>Text, Information<br \/>\n<\/strong>ILEA Gallery, Handout <a href=\"http:\/\/archiv.artsafiental.ch\/wp-content\/uploads\/2022\/12\/Handout_Gras-Geschichten-E.pdf\">Stories of Gras <\/a>(31.12.22 &#8211; 29.10.23), english<br \/>\nILEA Gallery, Press text <a href=\"http:\/\/archiv.artsafiental.ch\/wp-content\/uploads\/2022\/12\/Pressetext_Gras-Geschichten_D-1.pdf\">Gras Geschichten<\/a> (31.12.22 &#8211; 29.10.23), deutsch<br \/>\nILEA Gallery, Press image <a href=\"http:\/\/archiv.artsafiental.ch\/wp-content\/uploads\/2022\/12\/Pressefoto-Grasgeschichten-2-1-scaled.jpg\" data-rel=\"lightbox-image-0\" data-rl_title=\"\" data-rl_caption=\"\" title=\"\">Gras Geschichten<\/a> (F: Dharmendra Prasad)<br \/>\n<a href=\"http:\/\/archiv.artsafiental.ch\/wp-content\/uploads\/2022\/10\/Art-Safiental-2022-Bilanz-Medienmitteilung-14.-Oktober-2022.pdf\">Pressemitteilung Bilanz 2022,<\/a> 24.10.2022 (german)<br \/>\n<a href=\"http:\/\/archiv.artsafiental.ch\/wp-content\/uploads\/2022\/10\/Finissage_Programm_-Art-Safiental_21._22.-Oktober-2022.pdf\">Program Closing Event Art Safiental<\/a><br \/>\n<a href=\"http:\/\/archiv.artsafiental.ch\/wp-content\/uploads\/2022\/06\/Infokarte-ART-SAFIEANTAL-2022.pdf\">Info Map<\/a> (all works, places, german)<br \/>\n<a href=\"http:\/\/archiv.artsafiental.ch\/wp-content\/uploads\/2022\/06\/Art-Safiental-2022-Medienmitteilung-Langversion_22.-Juni-2022.pdf\">Pressemitteilung LANG <\/a>22.6.22 (german)<br \/>\n<a href=\"http:\/\/archiv.artsafiental.ch\/wp-content\/uploads\/2022\/06\/Postkarte_AS22_Vernissage_digital.pdf\">Postkarte Kunstsommer 2022<\/a><br \/>\n<a href=\"http:\/\/archiv.artsafiental.ch\/wp-content\/uploads\/2022\/04\/Gesamtdossier-ILEA.pdf\">Dossier ILEA<\/a> Institute for Land and Environmental Art, 2.22<br \/>\n<a href=\"http:\/\/archiv.artsafiental.ch\/wp-content\/uploads\/2022\/04\/Projektdossier-Art-Safiental-2022.pdf\">Dossier Art Safiental<\/a>, 2.22.<br \/>\n<a href=\"http:\/\/archiv.artsafiental.ch\/wp-content\/uploads\/2022\/04\/Projektdossier-Alps-Art-Academy-2022.pdf\">Dossier Alps Art Academy<\/a>, 2.22<\/p>\n<p><img loading=\"lazy\" decoding=\"async\" class=\"alignleft size-full wp-image-5842\" src=\"http:\/\/archiv.artsafiental.ch\/wp-content\/uploads\/2022\/10\/Bildschirmfoto-2022-10-14-um-22.31.37.png\" alt=\"\" width=\"1954\" height=\"920\" srcset=\"http:\/\/archiv.artsafiental.ch\/wp-content\/uploads\/2022\/10\/Bildschirmfoto-2022-10-14-um-22.31.37.png 1954w, http:\/\/archiv.artsafiental.ch\/wp-content\/uploads\/2022\/10\/Bildschirmfoto-2022-10-14-um-22.31.37-300x141.png 300w, http:\/\/archiv.artsafiental.ch\/wp-content\/uploads\/2022\/10\/Bildschirmfoto-2022-10-14-um-22.31.37-1024x482.png 1024w, http:\/\/archiv.artsafiental.ch\/wp-content\/uploads\/2022\/10\/Bildschirmfoto-2022-10-14-um-22.31.37-768x362.png 768w, http:\/\/archiv.artsafiental.ch\/wp-content\/uploads\/2022\/10\/Bildschirmfoto-2022-10-14-um-22.31.37-1536x723.png 1536w\" sizes=\"auto, (max-width: 1954px) 100vw, 1954px\" \/><\/p>\n<p><strong>Photo Selection Oct 22 <\/strong>(left to right)<br \/>\n1. Gerda Steiner\/J\u00f6rg Lenzlinger: <em><a href=\"http:\/\/archiv.artsafiental.ch\/wp-content\/uploads\/2022\/10\/Gerda-Steiner-Jo\u0308rg-Lenzlinger_Ackergold-Art-Safiental-2022-scaled.jpg\" data-rel=\"lightbox-image-1\" data-rl_title=\"\" data-rl_caption=\"\" title=\"\">Ackergold<\/a>, <\/em>2022: F: Johannes M. Hedinger<br \/>\n2. Dharmendra Prasad: <a href=\"http:\/\/archiv.artsafiental.ch\/wp-content\/uploads\/2022\/10\/Dharmendra-Prasad_Gras-Museum-Art-Safiental-2022-scaled.jpg\" data-rel=\"lightbox-image-2\" data-rl_title=\"\" data-rl_caption=\"\" title=\"\"><em>Gras Museum<\/em><\/a>, 2022, F: Mathias Kunfermann<br \/>\n3. Simon\/Odermatt: <a href=\"http:\/\/archiv.artsafiental.ch\/wp-content\/uploads\/2022\/10\/SimonOdermatt_Via-Capricorn_Kaktus-Art-Safiental-2022-scaled.jpeg\" data-rel=\"lightbox-image-3\" data-rl_title=\"\" data-rl_caption=\"\" title=\"\"><em>Via Capricon: lang und d\u00fcnn<\/em><\/a>, 2022, F: Simon\/Odermatt<br \/>\n4. Saskia Edens: <a href=\"http:\/\/archiv.artsafiental.ch\/wp-content\/uploads\/2022\/10\/Saskia-Edens_Wood-world-Web-Art-Safiental-2022-scaled.jpg\" data-rel=\"lightbox-image-4\" data-rl_title=\"\" data-rl_caption=\"\" title=\"\"><em>Word Wood Web<\/em><\/a>, 2022, F: Mathias Kunfermann<br \/>\n5. Ben Vautier: <a href=\"http:\/\/archiv.artsafiental.ch\/wp-content\/uploads\/2022\/10\/Ben-Vautier_Terrain-Vagues_Art-Safiental-2022.jpg\" data-rel=\"lightbox-image-5\" data-rl_title=\"\" data-rl_caption=\"\" title=\"\"><em>Terrain Vague<\/em><\/a>, 1961\/2022, F: Mathias Kunfermann<br \/>\n6. Marcus Maeder: <a href=\"http:\/\/archiv.artsafiental.ch\/wp-content\/uploads\/2022\/10\/1_DSC_2731-scaled.jpg\" data-rel=\"lightbox-image-6\" data-rl_title=\"\" data-rl_caption=\"\" title=\"\"><em>ACLA<\/em><\/a>, 2022, F: Marcus Maeder<\/p>\n<p>further photos:<strong> <a href=\"http:\/\/archiv.artsafiental.ch\/en\/as2022\/fotovideo\/\">HERE<\/a>\u00a0<\/strong><\/p>\n<p><strong>Video<\/strong><br \/>\n<a href=\"http:\/\/archiv.artsafiental.ch\/wp-content\/uploads\/2022\/06\/Teaser-verkleinert.mp4\">Teaser 1<\/a> (1.40, landscape, 16MB), <a href=\"http:\/\/archiv.artsafiental.ch\/wp-content\/uploads\/2022\/06\/Teaser-Art-Safiental-2022-1x1-480.mov\">Teaser 2<\/a> (60s, square, 26MB), youtube <a href=\"https:\/\/youtu.be\/htdiSwsVuFU\">link<\/a><\/p>\n<p>&#8212;&#8212;<\/p>\n<p><strong>FROM THE MEDIA<\/strong><strong><br \/>\n<\/strong>Tobias Soraperra: Natur und Kunst in Einem, S\u00fcdostschweiz, 5.7.22 Video <a href=\"https:\/\/www.suedostschweiz.ch\/sendungen\/natur-und-kunst-in-einem-05-07-22\">LINK<\/a><br \/>\n<span class=\"field field--name-title field--type-string field--label-hidden\">Kultur: Landschaftskunst, die zum Dialog mit der Erde einl\u00e4dt, S\u00fcdostschweiz, 1.7.22, <a href=\"https:\/\/www.suedostschweiz.ch\/kultur-musik\/landschaftskunst-die-zum-dialog-mit-der-erde-einlaedt\">link<\/a><br \/>\n<\/span>Johannes M. Hedinger: Von der Erde lernen, in: Viamala Fokus, 1.7.22<br \/>\nGeraldine Waespi: Von der Erde lernen, in: Modul\u00f8r Magazin, Mai 22<br \/>\nCornelius Raeber: Ein besonderes Tal mit allen Sinnen erleben, in: Mia Surselva, Mai 22<br \/>\nAndrin Sch\u00fctz: Ein k\u00fcnstlerischer und literarischer Leckerbissen, in: S\u00fcdostschweiz, 3.5.22 <a href=\"http:\/\/archiv.artsafiental.ch\/wp-content\/uploads\/2022\/05\/Buchbesprechung-Berge-von-Kunst_mit-Art-Safiental_Su\u0308dostschweiz-3.-Mai-2022.pdf\">download<\/a><br \/>\nSusanne Schreiber: Kunst entdecken in Bergstiefeln, in: Handelsblatt, Kunstmarkt, 10.3. 22 <a href=\"https:\/\/www.handelsblatt.com\/arts_und_style\/kunstmarkt\/buchrezension-kunst-entdecken-in-bergstiefeln\/28150354.html\">link<\/a><br \/>\nUte Watzl: Art Safiental, in: Berge von Kunst. 20 \u00fcberraschende Orte internationaler Kunst, AS Verlag, S. 20-32, 15.1.2022 <a href=\"https:\/\/www.dropbox.com\/s\/f6e3920g2tcxcq1\/Berge%20von%20Kunst%20Art%20Safiental%201.22.pdf?dl=0\">download<\/a><br \/>\nNiklaus Oberholzer: Was Landschaft ausmacht, in: Journal 21 <a href=\"https:\/\/www.dropbox.com\/s\/6fw1wrh9vnja7z1\/Rohner%20Massenbewegung_Was%20Landschaft%20ausmacht%20_%20Journal21.pdf?dl=0\">download\u00a0<\/a><br \/>\nPD: Klangforschung im Safiental, in: Ruinaulta, 3.12.2021 <a href=\"https:\/\/www.dropbox.com\/s\/8bxrfr3szcj6dwj\/211231_Ruinaulta_Acla_Texturen.pdf?dl=0\">download<\/a><br \/>\nElisabeth Bardill: Von der Erde Lernen, in: Terra Gruschuna Dez 2021, <a href=\"https:\/\/www.dropbox.com\/s\/cjr7iqjwn3mb810\/Rohner%20Terra%20Grischuna%2012.21.pdf?dl=0\">download<\/a><br \/>\nElisabeth Bardill: Von der Erde Lernen, in: Ruinaulta 1.10.2021 <a href=\"https:\/\/www.dropbox.com\/s\/csqg3ktd03yihmw\/Ruinaulta%201.10.2021_Von%20der%20Erde%20lernen.pdf?dl=0\">download<\/a><br \/>\nMaya H\u00f6neisen: Die Art Safiental widmet sich den Krisen, in: S\u00fcdostschweiz, 27.9.21 <a href=\"https:\/\/www.dropbox.com\/s\/43358y6obfporc4\/Die%20S%C3%BCdostschweiz_27.9.2021_Die%20Art%20Safiental%20widmet%20sich%20den%20Krisen.pdf?dl=0\">download\u00a0<\/a><br \/>\nChristian Bauer: Das sind die sch\u00f6nsten T\u00e4ler der Schweiz, in: Blick 16.6.2021, <a href=\"https:\/\/www.blick.ch\/life\/reisen\/ch\/berge\/naturschoenheiten-das-sind-die-schoensten-taeler-der-schweiz-id15395916.html\">Link<\/a><br \/>\nUte Watzl: Kunst am Kuhstall, in: Reisewelt, 1.3., 21, S. 42-49, <a href=\"http:\/\/archiv.artsafiental.ch\/wp-content\/uploads\/2020\/02\/RAM_Safiental.pdf\">download<\/a><br \/>\nEduard Hauser: Patrick Rohner: Steine zeichnen, in: Kulturblog, Glarner Agenda, 20.1.21, <a href=\"https:\/\/www.glarneragenda.ch\/de\/kulturblog\/patrick-rohner-steine-zeichnen-glarus_AiafxSM?$\">Link<\/a><\/p>\n<p>&nbsp;<\/p>","protected":false},"excerpt":{"rendered":"<p>Media FOR THE MEDIA Text, Information ILEA Gallery, Handout Stories of Gras (31.12.22 &#8211; 29.10.23), english ILEA Gallery, Press text Gras Geschichten (31.12.22 &#8211; 29.10.23), deutsch ILEA Gallery, Press image Gras Geschichten (F: Dharmendra Prasad) Pressemitteilung Bilanz 2022, 24.10.2022 (german) Program Closing Event Art Safiental Info Map (all works, places, german) Pressemitteilung LANG 22.6.22 (german) [&hellip;]<\/p>\n","protected":false},"author":1,"featured_media":0,"parent":4637,"menu_order":10,"comment_status":"closed","ping_status":"closed","template":"","meta":{"footnotes":"","_links_to":"","_links_to_target":""},"class_list":["post-4661","page","type-page","status-publish","hentry"],"_links":{"self":[{"href":"http:\/\/archiv.artsafiental.ch\/en\/wp-json\/wp\/v2\/pages\/4661","targetHints":{"allow":["GET"]}}],"collection":[{"href":"http:\/\/archiv.artsafiental.ch\/en\/wp-json\/wp\/v2\/pages"}],"about":[{"href":"http:\/\/archiv.artsafiental.ch\/en\/wp-json\/wp\/v2\/types\/page"}],"author":[{"embeddable":true,"href":"http:\/\/archiv.artsafiental.ch\/en\/wp-json\/wp\/v2\/users\/1"}],"replies":[{"embeddable":true,"href":"http:\/\/archiv.artsafiental.ch\/en\/wp-json\/wp\/v2\/comments?post=4661"}],"version-history":[{"count":86,"href":"http:\/\/archiv.artsafiental.ch\/en\/wp-json\/wp\/v2\/pages\/4661\/revisions"}],"predecessor-version":[{"id":6991,"href":"http:\/\/archiv.artsafiental.ch\/en\/wp-json\/wp\/v2\/pages\/4661\/revisions\/6991"}],"up":[{"embeddable":true,"href":"http:\/\/archiv.artsafiental.ch\/en\/wp-json\/wp\/v2\/pages\/4637"}],"wp:attachment":[{"href":"http:\/\/archiv.artsafiental.ch\/en\/wp-json\/wp\/v2\/media?parent=4661"}],"curies":[{"name":"wp","href":"https:\/\/api.w.org\/{rel}","templated":true}]}}