{"id":4659,"date":"2022-03-29T14:58:23","date_gmt":"2022-03-29T12:58:23","guid":{"rendered":"http:\/\/archiv.artsafiental.ch\/?page_id=4659"},"modified":"2022-10-13T19:41:28","modified_gmt":"2022-10-13T17:41:28","slug":"partner","status":"publish","type":"page","link":"http:\/\/archiv.artsafiental.ch\/en\/as2022\/partner\/","title":{"rendered":"PARTNERS"},"content":{"rendered":"<p><\/p>\n<h1>Partner<\/h1>\n<p><strong>Operated by<br \/>\n<\/strong><a href=\"https:\/\/www.naturpark-beverin.ch\/de\">Naturpark Beverin<\/a><br \/>\n<a href=\"http:\/\/www.safiental.ch\/Gemeinde\/\">Gemeinde Safiental<\/a><br \/>\n<a href=\"http:\/\/www.ilea.art\/\">ILEA<\/a><br \/>\n<a href=\"http:\/\/www.naturpark-beverin.ch\/\"><br \/>\n<\/a><strong>Partner<\/strong><a href=\"http:\/\/www.naturpark-beverin.ch\/\"><br \/>\n<\/a><a href=\"http:\/\/www.safiental.ch\/tourismus\/\">Safiental\u00a0<\/a><a href=\"http:\/\/www.safiental.ch\/tourismus\/\">Tourismus<\/a><a href=\"http:\/\/www.naturpark-beverin.ch\/\"><br \/>\n<\/a><a href=\"http:\/\/www.pension-alpenblick.ch\/\">Berghotel Alpenblick<\/a><br \/>\n<a href=\"https:\/\/www.tennaplus.ch\/\">Verein Tenna Plus<\/a><br \/>\n<a href=\"http:\/\/www.zhdk.ch\">Z\u00fcrcher Hochschule der K\u00fcnste<\/a><\/p>\n<p><strong>Supported by<br \/>\n<\/strong>UBS Kulturstiftung<br \/>\nNRP Berggebietsprogramm<br \/>\nAmt f\u00fcr Natur und Umwelt<br \/>\nKulturf\u00f6rderung Kanton Graub\u00fcnden<br \/>\nPro Helvetia<br \/>\nErnst G\u00f6hner Stiftung<br \/>\nAlfred und Anneliese Sutter-St\u00f6ttner Stiftung<br \/>\nLienhard-Stiftung<br \/>\nTemperatio Stiftung<br \/>\nMahari Stiftung<br \/>\nStiftung Dr. Valentin Malamoud<br \/>\nStiftung Stavros S. Niarchos<br \/>\nGemeinde Safiental, Standortf\u00f6rderung<br \/>\nSafiental Tourismus<br \/>\nNaturpark Beverin<br \/>\nZ\u00fcrcher Hochschule der K\u00fcnste<\/p>\n<p><strong>Sponsors<\/strong><strong><br \/>\n<\/strong>Montalta Transporte<br \/>\nEMS-CHEMIE AG<br \/>\nSurselva Tourismus<\/p>\n<p><strong>Cooperations<br \/>\n<\/strong><a href=\"https:\/\/klimapavillon.ch\/\">Klima Pavillon\u00a0<\/a><br \/>\n<a href=\"https:\/\/www.myblueplanet.ch\/\">MYBLUEPLANET<\/a><br \/>\n<a href=\"http:\/\/www.kwz.ch\/kraftwerksanlagen\/safien\/\">Kraftwerke Zervreila AG Safien<\/a><br \/>\nKieswerk Safiental AG<br \/>\nHEW AG<br \/>\nKWZ Kraftwerke Zervreila<br \/>\ndemateo AG<br \/>\n<a href=\"https:\/\/www.obanplan.ch\/\">OBANplan<\/a><br \/>\nETH<br \/>\n<a href=\"https:\/\/www.instagram.com\/kunst_garage_versam\/\">Kunst Garage Versam<\/a><br \/>\n<a href=\"https:\/\/www.post.ch\/de\/ueber-uns\/verantwortung\/kunstengagement#peripherie\">Die Post &#8211; Kunst in der Peripherie<\/a><br \/>\n<a href=\"https:\/\/eva-vautier.com\/\">Galerie Eva Vautier<\/a><\/p>\n<p>&nbsp;<\/p>","protected":false},"excerpt":{"rendered":"<p>Partner Operated by Naturpark Beverin Gemeinde Safiental ILEA Partner Safiental\u00a0Tourismus Berghotel Alpenblick Verein Tenna Plus Z\u00fcrcher Hochschule der K\u00fcnste Supported by UBS Kulturstiftung NRP Berggebietsprogramm Amt f\u00fcr Natur und Umwelt Kulturf\u00f6rderung Kanton Graub\u00fcnden Pro Helvetia Ernst G\u00f6hner Stiftung Alfred und Anneliese Sutter-St\u00f6ttner Stiftung Lienhard-Stiftung Temperatio Stiftung Mahari Stiftung Stiftung Dr. Valentin Malamoud Stiftung Stavros S. [&hellip;]<\/p>\n","protected":false},"author":1,"featured_media":0,"parent":4637,"menu_order":11,"comment_status":"closed","ping_status":"closed","template":"","meta":{"footnotes":"","_links_to":"","_links_to_target":""},"class_list":["post-4659","page","type-page","status-publish","hentry"],"_links":{"self":[{"href":"http:\/\/archiv.artsafiental.ch\/en\/wp-json\/wp\/v2\/pages\/4659","targetHints":{"allow":["GET"]}}],"collection":[{"href":"http:\/\/archiv.artsafiental.ch\/en\/wp-json\/wp\/v2\/pages"}],"about":[{"href":"http:\/\/archiv.artsafiental.ch\/en\/wp-json\/wp\/v2\/types\/page"}],"author":[{"embeddable":true,"href":"http:\/\/archiv.artsafiental.ch\/en\/wp-json\/wp\/v2\/users\/1"}],"replies":[{"embeddable":true,"href":"http:\/\/archiv.artsafiental.ch\/en\/wp-json\/wp\/v2\/comments?post=4659"}],"version-history":[{"count":14,"href":"http:\/\/archiv.artsafiental.ch\/en\/wp-json\/wp\/v2\/pages\/4659\/revisions"}],"predecessor-version":[{"id":5832,"href":"http:\/\/archiv.artsafiental.ch\/en\/wp-json\/wp\/v2\/pages\/4659\/revisions\/5832"}],"up":[{"embeddable":true,"href":"http:\/\/archiv.artsafiental.ch\/en\/wp-json\/wp\/v2\/pages\/4637"}],"wp:attachment":[{"href":"http:\/\/archiv.artsafiental.ch\/en\/wp-json\/wp\/v2\/media?parent=4659"}],"curies":[{"name":"wp","href":"https:\/\/api.w.org\/{rel}","templated":true}]}}