{"id":4119,"date":"2020-07-20T07:08:14","date_gmt":"2020-07-20T05:08:14","guid":{"rendered":"http:\/\/archiv.artsafiental.ch\/?page_id=4119"},"modified":"2020-09-15T09:38:04","modified_gmt":"2020-09-15T07:38:04","slug":"kunstwerke-2","status":"publish","type":"page","link":"http:\/\/archiv.artsafiental.ch\/en\/as2020\/ausstellung\/kunstwerke-2\/","title":{"rendered":"Art Works"},"content":{"rendered":"<p><\/p>\n<h1>Art Works<\/h1>\n<p><strong>Permanent Installations<\/strong><\/p>\n<p>Nancy Baker Cahill (US):\u00a0<a href=\"http:\/\/archiv.artsafiental.ch\/en\/as2020\/hiddenpage\/nancy-baker-cahill\/\"><strong>METHOD NO. 13<\/strong><\/a> &#8211;\u00a0Turrahus, on the way to Tom\u00fclpass<br \/>\nJames Bridle (UK):\u00a0<a href=\"http:\/\/archiv.artsafiental.ch\/en\/as2020\/hiddenpage\/james-bridle\/\"><strong>DRONE SHADOW <\/strong><\/a>&#8211;\u00a0Valendas, Bahnhofstrasse<br \/>\nCom&amp;Com (CH): <a href=\"http:\/\/archiv.artsafiental.ch\/en\/as2020\/hiddenpage\/comcom\/\"><strong>BERGKANZEL<\/strong><\/a>\u00a0&#8211;\u00a0Glaspass, Innerglas<br \/>\nFragmentin (CH):\u00a0<a href=\"http:\/\/archiv.artsafiental.ch\/en\/as2020\/hiddenpage\/fragmentin\/\"><strong>N1-OBSERVATORY <\/strong><\/a>&#8211; Schl\u00fcechtli<br \/>\nH.R. Fricker (CH):<strong>\u00a0<a href=\"http:\/\/archiv.artsafiental.ch\/en\/as2020\/hiddenpage\/h-r-fricker\/\">MEIN STEIN<\/a> <\/strong>&#8211;\u00a0Versam, Haus Signina, Hauptstrasse 35<br \/>\nFr\u00f6licher \/ Bietenhader (CH):\u00a0<a href=\"http:\/\/archiv.artsafiental.ch\/en\/as2020\/hiddenpage\/froelicher-bietenhader\/\"><strong>CTRL + S\u00a0<\/strong><strong>(PREK\u00c4RE<\/strong>\u00a0<strong>STELLEN) <\/strong><\/a>&#8211;\u00a0B\u00e4ch, B\u00e4cher H\u00fctta<br \/>\nDenis Handschin (CH):\u00a0<a href=\"http:\/\/archiv.artsafiental.ch\/en\/as2020\/hiddenpage\/denis-handschin\/\"><strong>#DAILYSHEEPNEWS <\/strong><\/a>&#8211;\u00a0Safien Platz, z\u2018Cafi<br \/>\nBruno Jakob (US\/CH):\u00a0<a href=\"http:\/\/archiv.artsafiental.ch\/en\/as2020\/hiddenpage\/bruno-jakob\/\"><strong>DELETE, ESCAPE, RESET <\/strong><\/a>&#8211;\u00a0Versam \/\u00a0Acla\u00a0 \/\u00a0Turrahus<br \/>\nJan Robert Leegte\u00a0(NL): <a href=\"http:\/\/archiv.artsafiental.ch\/en\/as2020\/hiddenpage\/jan-robert-leegte\/\"><strong>SELECTION<\/strong><\/a> &#8211;\u00a0Valendas, Grauhuus<br \/>\nMelodie Mousset (FR\/CH):<a href=\"http:\/\/archiv.artsafiental.ch\/en\/as2020\/hiddenpage\/melodie-mousset\/\">\u00a0<strong>JOURNEY<\/strong>\u00a0<strong>THROUGH\u00a0<\/strong><strong>A MOUNTAIN <\/strong><\/a>&#8211;\u00a0Thalkirch, Church<br \/>\nPatrick Rohner (CH):\u00a0<a href=\"http:\/\/archiv.artsafiental.ch\/en\/as2020\/hiddenpage\/patrick-rohner\/\"><strong>DIE NATUR KENNT KEINE KATASTROPHEN <\/strong><\/a>&#8211;\u00a0Safien Platz a.o.<br \/>\nManuel Rossner (DE):\u00a0<a href=\"http:\/\/archiv.artsafiental.ch\/en\/as2020\/hiddenpage\/manuel-rossner\/\"><strong>FLOATING BACKWARDS<\/strong><\/a> &#8211;\u00a0Tenna, Innerberg<br \/>\nSara Rutz (CH\/IT):<a href=\"http:\/\/archiv.artsafiental.ch\/en\/as2020\/hiddenpage\/sara-rutz\/\">\u00a0<strong>\u00ab\u2026\u00bb <\/strong><\/a>&#8211;\u00a0Berghotel Alpenblick<br \/>\nCurdin Tones (CH\/NL):\u00a0<a href=\"http:\/\/archiv.artsafiental.ch\/en\/as2020\/hiddenpage\/curdin-tones\/\"><strong>LA MORT VAIN PER TUOTS<\/strong><\/a> &#8211;\u00a0Camanaboda, Safier Heimatmuseum<br \/>\nLucie Tuma (CH):\u00a0<a href=\"http:\/\/archiv.artsafiental.ch\/en\/as2020\/hiddenpage\/lucie-tuma\/\"><strong>POLY*CLOUDS <\/strong><\/a>&#8211; Wanna \/ Rheinschlucht<br \/>\nMarie Velardi (CH):\u00a0<a href=\"http:\/\/archiv.artsafiental.ch\/en\/as2020\/hiddenpage\/marie-velardi\/\"><strong>MITTELPUNKT\u00a0<\/strong><strong>DER ERDE\u00a0<\/strong><strong>..<\/strong><strong>\u00a0<\/strong><\/a>&#8211; Rheinschlucht \/ Tom\u00fclpass<br \/>\nEster Vonplon (CH):<a href=\"http:\/\/archiv.artsafiental.ch\/en\/as2020\/hiddenpage\/ester-vonplon\/\">\u00a0<strong>I SEE DARKNESS <\/strong><\/a>&#8211; Old Acla Tunnel \/ Valendas, Gasthaus am Brunnen<\/p>\n<p><strong><a href=\"http:\/\/archiv.artsafiental.ch\/wp-content\/uploads\/2020\/02\/Ausstellungsfu%CC%88hrer-AS2020.pdf\">Exhibition Guide<\/a>\u00a0<\/strong>(download)<\/p>","protected":false},"excerpt":{"rendered":"<p>Art Works Permanent Installations Nancy Baker Cahill (US):\u00a0METHOD NO. 13 &#8211;\u00a0Turrahus, on the way to Tom\u00fclpass James Bridle (UK):\u00a0DRONE SHADOW &#8211;\u00a0Valendas, Bahnhofstrasse Com&amp;Com (CH): BERGKANZEL\u00a0&#8211;\u00a0Glaspass, Innerglas Fragmentin (CH):\u00a0N1-OBSERVATORY &#8211; Schl\u00fcechtli H.R. Fricker (CH):\u00a0MEIN STEIN &#8211;\u00a0Versam, Haus Signina, Hauptstrasse 35 Fr\u00f6licher \/ Bietenhader (CH):\u00a0CTRL + S\u00a0(PREK\u00c4RE\u00a0STELLEN) &#8211;\u00a0B\u00e4ch, B\u00e4cher H\u00fctta Denis Handschin (CH):\u00a0#DAILYSHEEPNEWS &#8211;\u00a0Safien Platz, z\u2018Cafi Bruno [&hellip;]<\/p>\n","protected":false},"author":1,"featured_media":0,"parent":3547,"menu_order":0,"comment_status":"closed","ping_status":"closed","template":"","meta":{"footnotes":"","_links_to":"","_links_to_target":""},"class_list":["post-4119","page","type-page","status-publish","hentry"],"_links":{"self":[{"href":"http:\/\/archiv.artsafiental.ch\/en\/wp-json\/wp\/v2\/pages\/4119","targetHints":{"allow":["GET"]}}],"collection":[{"href":"http:\/\/archiv.artsafiental.ch\/en\/wp-json\/wp\/v2\/pages"}],"about":[{"href":"http:\/\/archiv.artsafiental.ch\/en\/wp-json\/wp\/v2\/types\/page"}],"author":[{"embeddable":true,"href":"http:\/\/archiv.artsafiental.ch\/en\/wp-json\/wp\/v2\/users\/1"}],"replies":[{"embeddable":true,"href":"http:\/\/archiv.artsafiental.ch\/en\/wp-json\/wp\/v2\/comments?post=4119"}],"version-history":[{"count":21,"href":"http:\/\/archiv.artsafiental.ch\/en\/wp-json\/wp\/v2\/pages\/4119\/revisions"}],"predecessor-version":[{"id":4323,"href":"http:\/\/archiv.artsafiental.ch\/en\/wp-json\/wp\/v2\/pages\/4119\/revisions\/4323"}],"up":[{"embeddable":true,"href":"http:\/\/archiv.artsafiental.ch\/en\/wp-json\/wp\/v2\/pages\/3547"}],"wp:attachment":[{"href":"http:\/\/archiv.artsafiental.ch\/en\/wp-json\/wp\/v2\/media?parent=4119"}],"curies":[{"name":"wp","href":"https:\/\/api.w.org\/{rel}","templated":true}]}}