{"id":41,"date":"2016-03-05T01:07:19","date_gmt":"2016-03-05T00:07:19","guid":{"rendered":"http:\/\/archiv.artsafiental.ch\/?page_id=41"},"modified":"2016-12-01T20:18:31","modified_gmt":"2016-12-01T19:18:31","slug":"werke","status":"publish","type":"page","link":"http:\/\/archiv.artsafiental.ch\/en\/as2016\/ausstellung\/werke\/","title":{"rendered":"Artworks"},"content":{"rendered":"<p><\/p>\n<h1>Artworks<\/h1>\n<p><img loading=\"lazy\" decoding=\"async\" class=\"alignleft size-full wp-image-879\" src=\"http:\/\/archiv.artsafiental.ch\/wp-content\/uploads\/2016\/03\/Bildschirmfoto-2016-07-25-um-18.54.59.png\" alt=\"Bildschirmfoto 2016-07-25 um 18.54.59\" width=\"1435\" height=\"339\" srcset=\"http:\/\/archiv.artsafiental.ch\/wp-content\/uploads\/2016\/03\/Bildschirmfoto-2016-07-25-um-18.54.59.png 1435w, http:\/\/archiv.artsafiental.ch\/wp-content\/uploads\/2016\/03\/Bildschirmfoto-2016-07-25-um-18.54.59-300x71.png 300w, http:\/\/archiv.artsafiental.ch\/wp-content\/uploads\/2016\/03\/Bildschirmfoto-2016-07-25-um-18.54.59-768x181.png 768w, http:\/\/archiv.artsafiental.ch\/wp-content\/uploads\/2016\/03\/Bildschirmfoto-2016-07-25-um-18.54.59-1024x242.png 1024w\" sizes=\"auto, (max-width: 1435px) 100vw, 1435px\" \/><\/p>\n<p><strong>Permanent Installations<\/strong><\/p>\n<p>Atelier f\u00fcr Sonderaufgaben (CH). <strong><a href=\"http:\/\/archiv.artsafiental.ch\/en\/null-stern-hotel-land-art-version\/\">Null Stern Hotel (Land Art Version)<\/a>\u00a0<\/strong>near\u00a0Gasslihof in Thalkirch<br \/>\nCom&amp;Com (CH). <strong><a href=\"http:\/\/archiv.artsafiental.ch\/ausstellung\/werke\/bergkanzel\/\">Bergkanzel<\/a>\u00a0<\/strong>Z&#8217;hinderst near the\u00a0waterfall<br \/>\nLes Fr\u00e8res Chapuisat (CH). <strong><a href=\"http:\/\/archiv.artsafiental.ch\/ausstellung\/werke\/e-une-echappee-belle\/\">Une \u00e9chapp\u00e9e belle<\/a>\u00a0<\/strong>at\u00a0Tenner Chr\u00fcz<br \/>\nJaffa Lam (HK). <strong><a href=\"http:\/\/archiv.artsafiental.ch\/ausstellung\/werke\/bridge-sewing\/\">Bridge-Sewing<\/a>\u00a0<\/strong>at\u00a0Versamer Tobel<br \/>\nFilippo Minelli (I). <strong><a href=\"http:\/\/archiv.artsafiental.ch\/ausstellung\/werke\/egofriendly\/\">Egofriendly<\/a>\u00a0<\/strong>in Tenna<br \/>\nRaumlabor (D). <strong><a href=\"http:\/\/archiv.artsafiental.ch\/ausstellung\/werke\/noas-song\/\">Noa&#8217;s Song<\/a>\u00a0<\/strong>in Versam-Safien<\/p>\n<p><strong>Guest Projects<\/strong><\/p>\n<p>Delphine Chapuis Schmitz (F).\u00a0<strong><a href=\"http:\/\/archiv.artsafiental.ch\/ausstellung\/werke\/agnes-susanne-felix-silvia-paul-und-margrit-fritz-ueli-max-ursula-anton-und-marlis-josua-und-andere\/\">Agnes, Susanne, Felix, Silvia, Paul und Margrit, Fritz, Ueli, Max, Ursula, Anton und Marlis, Josua und andere<\/a>\u00a0<\/strong>at Volg Story, Tenna,<strong>\u00a0<\/strong>only\u00a0Oct 16, 2016, 15h<br \/>\nH.R. Fricker (CH). <strong><a href=\"http:\/\/archiv.artsafiental.ch\/ausstellung\/werke\/asyl-6-lichtungen\/\">ASYL &#8211; 6 Lichtungen<\/a>\u00a0<\/strong>at\u00a0Gasthof Alpenblick Tenna<br \/>\nPaul Barsch (D). <a href=\"http:\/\/archiv.artsafiental.ch\/ausstellung\/werke\/paintings-roughly-reflecting\/\"><strong>Paintings Roughly Reflecting On Humans and Human Habits, But Mostly Viewed By Cows<\/strong><\/a>, cowbarn Josi Messmer, Innerberg Tenna,<strong>\u00a0<\/strong>Oct 16 &#8211; Dec 31, 2016, <a href=\"http:\/\/mostlyviewedbycows.net\/\">Web<\/a><\/p>\n<p><strong>Performances<\/strong><\/p>\n<p>Marie-Louise Andersson. <strong><a href=\"http:\/\/archiv.artsafiental.ch\/ausstellung\/werke\/mountain-speech\/\">Mountain Speech<\/a><\/strong><br \/>\nFilippo Minelli.<strong><a href=\"http:\/\/archiv.artsafiental.ch\/en\/ausstellung\/werke\/the-only-emergency-is-the-absence-of-emergency-part-6\/\">The only emergency is the absence of emergency. Part 6<\/a><\/strong><br \/>\nFilippo Minelli.\u00a0<strong><a href=\"http:\/\/archiv.artsafiental.ch\/en\/ausstellung\/werke\/the-only-emergency-is-the-absence-of-emergency-part-7\/\">The only emergency is the absence of emergency. Part 7<\/a><\/strong><br \/>\nPhilip Matesic &amp; Phumulani Ntuli mit Jakob Bardill &amp; Reinhard Spoerri. <strong><a href=\"http:\/\/archiv.artsafiental.ch\/ausstellung\/werke\/reinhard-spoerri-quartet\/\">Reinhard Spoerri Quartet<\/a><\/strong><\/p>\n<p><strong>Temporary Artworks\u00a0<\/strong>(by participants of the Alps Art Academy)<\/p>\n<p>Lara Abu Sharkh.\u00a0<a href=\"http:\/\/archiv.artsafiental.ch\/en\/ausstellung\/werke\/hopscotch\/\"><strong>Hopscotch<\/strong><\/a><br \/>\nAna Andra. <strong><a href=\"http:\/\/archiv.artsafiental.ch\/ausstellung\/werke\/mimikry\/\">Mimikry<\/a><\/strong><br \/>\nAna Andra &amp; Bianca Pedrina. <strong><a href=\"http:\/\/archiv.artsafiental.ch\/ausstellung\/werke\/431-ml\/\">431 ml.<\/a><\/strong><br \/>\nErik Arkadi Seth. <strong><a href=\"http:\/\/archiv.artsafiental.ch\/ausstellung\/werke\/swiss-ball-yellow\/\">swiss ball (yellow)<\/a><\/strong><br \/>\nMirja Busch. <a href=\"http:\/\/archiv.artsafiental.ch\/ausstellung\/werke\/planting-land-art\/\"><strong>Planting Land Art<\/strong><\/a><br \/>\nNayari Castillo &amp; Giacomo Zaganelli.\u00a0<a href=\"http:\/\/archiv.artsafiental.ch\/en\/ausstellung\/werke\/observatorium\/\"><strong>Observatorium<\/strong><\/a><br \/>\nFelix Contzen. <strong><a href=\"http:\/\/archiv.artsafiental.ch\/ausstellung\/werke\/about-melting-and-vanishing\/\">About MELTING and Vanishing<\/a><\/strong><br \/>\nFelix Contzen. <strong><a href=\"http:\/\/archiv.artsafiental.ch\/ausstellung\/werke\/about-melting-and-vanishing-2\/\">About Melting and VANISHING<\/a><\/strong><br \/>\nErin Gleason. <strong><a href=\"http:\/\/archiv.artsafiental.ch\/ausstellung\/werke\/threshold\/\">Threshold<\/a><\/strong><br \/>\nHans Guggenheim. <strong><a href=\"http:\/\/archiv.artsafiental.ch\/ausstellung\/werke\/gestrandet\/\">Gestrandet<\/a><\/strong><br \/>\nLisa Hopf &amp; Alexandra Siegrist. <strong><a href=\"http:\/\/archiv.artsafiental.ch\/ausstellung\/werke\/une-echappee-belle-et-plus\/\">Une \u00e9chapp\u00e9e belle et plus<\/a><\/strong><br \/>\nRashi Jain. <a href=\"http:\/\/archiv.artsafiental.ch\/ausstellung\/werke\/shrines-for-nature\/\"><strong>Shrines for Nature<\/strong><\/a><br \/>\nSujin Lim. <strong><a href=\"http:\/\/archiv.artsafiental.ch\/ausstellung\/werke\/snow-was-here\/\">snow was here<\/a><\/strong><br \/>\nDavid Lunney. <a href=\"http:\/\/archiv.artsafiental.ch\/en\/ausstellung\/werke\/mini-artbin\/\"><strong>Mini ARTBIN<\/strong><\/a><br \/>\nPenelope Richardson. <a href=\"http:\/\/archiv.artsafiental.ch\/en\/ausstellung\/werke\/i-wish-i-was-there-ich-wuenschte-ich-waere-dort\/\"><strong>I wish I was there \/ Ich w\u00fcnschte ich w\u00e4re dort<\/strong><\/a><br \/>\nPetri Saarikko. <a href=\"http:\/\/archiv.artsafiental.ch\/ausstellung\/werke\/nimby-not-in-my-back-yard\/\"><strong>NIMBY &#8211; Not In My Back Yard<\/strong><\/a><br \/>\nPetri Saarikko. <strong><a href=\"http:\/\/archiv.artsafiental.ch\/ausstellung\/werke\/tenna-hairball\/\">Tenna Hairball<\/a><\/strong><br \/>\nAur\u00e9lie Strumans. <strong><a href=\"http:\/\/archiv.artsafiental.ch\/ausstellung\/werke\/here-you-are\/\">Here you are?<\/a><\/strong><br \/>\nJaxton Su. <strong><a href=\"http:\/\/archiv.artsafiental.ch\/ausstellung\/werke\/evanescent\/\">Evanescent<\/a><\/strong><\/p>\n<p><span style=\"color: #ff0000;\"><strong>Art Hiking Map<\/strong><\/span> (<a href=\"http:\/\/archiv.artsafiental.ch\/wp-content\/uploads\/2016\/07\/Art-Safiental-2016-MAP-kl.pdf\"><strong>download<\/strong>)<\/a><\/p>\n<p><img loading=\"lazy\" decoding=\"async\" class=\"alignleft size-full wp-image-718\" src=\"http:\/\/archiv.artsafiental.ch\/wp-content\/uploads\/2016\/03\/Kanzel-mit-Ausblick.png\" alt=\"Kanzel mit Ausblick\" width=\"1188\" height=\"530\" srcset=\"http:\/\/archiv.artsafiental.ch\/wp-content\/uploads\/2016\/03\/Kanzel-mit-Ausblick.png 1188w, http:\/\/archiv.artsafiental.ch\/wp-content\/uploads\/2016\/03\/Kanzel-mit-Ausblick-300x134.png 300w, http:\/\/archiv.artsafiental.ch\/wp-content\/uploads\/2016\/03\/Kanzel-mit-Ausblick-768x343.png 768w, http:\/\/archiv.artsafiental.ch\/wp-content\/uploads\/2016\/03\/Kanzel-mit-Ausblick-1024x457.png 1024w\" sizes=\"auto, (max-width: 1188px) 100vw, 1188px\" \/><\/p>","protected":false},"excerpt":{"rendered":"<p>Artworks Permanent Installations Atelier f\u00fcr Sonderaufgaben (CH). Null Stern Hotel (Land Art Version)\u00a0near\u00a0Gasslihof in Thalkirch Com&amp;Com (CH). Bergkanzel\u00a0Z&#8217;hinderst near the\u00a0waterfall Les Fr\u00e8res Chapuisat (CH). Une \u00e9chapp\u00e9e belle\u00a0at\u00a0Tenner Chr\u00fcz Jaffa Lam (HK). Bridge-Sewing\u00a0at\u00a0Versamer Tobel Filippo Minelli (I). Egofriendly\u00a0in Tenna Raumlabor (D). Noa&#8217;s Song\u00a0in Versam-Safien Guest Projects Delphine Chapuis Schmitz (F).\u00a0Agnes, Susanne, Felix, Silvia, Paul und Margrit, [&hellip;]<\/p>\n","protected":false},"author":2,"featured_media":0,"parent":476,"menu_order":0,"comment_status":"closed","ping_status":"closed","template":"","meta":{"footnotes":"","_links_to":"","_links_to_target":""},"class_list":["post-41","page","type-page","status-publish","hentry"],"_links":{"self":[{"href":"http:\/\/archiv.artsafiental.ch\/en\/wp-json\/wp\/v2\/pages\/41","targetHints":{"allow":["GET"]}}],"collection":[{"href":"http:\/\/archiv.artsafiental.ch\/en\/wp-json\/wp\/v2\/pages"}],"about":[{"href":"http:\/\/archiv.artsafiental.ch\/en\/wp-json\/wp\/v2\/types\/page"}],"author":[{"embeddable":true,"href":"http:\/\/archiv.artsafiental.ch\/en\/wp-json\/wp\/v2\/users\/2"}],"replies":[{"embeddable":true,"href":"http:\/\/archiv.artsafiental.ch\/en\/wp-json\/wp\/v2\/comments?post=41"}],"version-history":[{"count":92,"href":"http:\/\/archiv.artsafiental.ch\/en\/wp-json\/wp\/v2\/pages\/41\/revisions"}],"predecessor-version":[{"id":1690,"href":"http:\/\/archiv.artsafiental.ch\/en\/wp-json\/wp\/v2\/pages\/41\/revisions\/1690"}],"up":[{"embeddable":true,"href":"http:\/\/archiv.artsafiental.ch\/en\/wp-json\/wp\/v2\/pages\/476"}],"wp:attachment":[{"href":"http:\/\/archiv.artsafiental.ch\/en\/wp-json\/wp\/v2\/media?parent=41"}],"curies":[{"name":"wp","href":"https:\/\/api.w.org\/{rel}","templated":true}]}}