{"id":36,"date":"2016-03-05T00:58:59","date_gmt":"2016-03-04T23:58:59","guid":{"rendered":"http:\/\/archiv.artsafiental.ch\/?page_id=36"},"modified":"2017-12-18T13:30:31","modified_gmt":"2017-12-18T12:30:31","slug":"partner","status":"publish","type":"page","link":"http:\/\/archiv.artsafiental.ch\/en\/as2016\/partner\/","title":{"rendered":"PARTNERS"},"content":{"rendered":"<p><\/p>\n<h1>Partners<\/h1>\n<p><b>Tr\u00e4gerschaft<br \/>\n<\/b><a href=\"http:\/\/www.prosafiental.ch\/\">Pro Safiental<\/a><b><br \/>\n<\/b><\/p>\n<p><strong>Partner<\/strong><a href=\"http:\/\/www.prosafiental.ch\/\"><br \/>\n<\/a><a href=\"http:\/\/www.safiental.ch\/Gemeinde\/\">Gemeinde Safiental<br \/>\n<\/a><a href=\"http:\/\/www.safiental.ch\/tourismus\/\">Safiental Tourismus<br \/>\n<\/a><a href=\"http:\/\/www.surselva.info\/\">Surselva Tourismus<br \/>\nNaturpark Beverin<\/a><a href=\"http:\/\/www.naturpark-beverin.ch\/\"><br \/>\n<\/a><a href=\"http:\/\/www.pension-alpenblick.ch\/\">Pension Alpenblick<\/a><\/p>\n<p><strong>Unterst\u00fctzt von<\/strong><br \/>\n<a href=\"http:\/\/www.safiental.ch\/Gemeinde\/\">Gemeinde Safiental<\/a><br \/>\n<a href=\"http:\/\/www.prohelvetia.ch\/\">Pro Helvetia, Schweizer Kulturstiftung<br \/>\n<\/a><a href=\"http:\/\/www.ernst-goehner-stiftung.ch\/\">Ernst G\u00f6hner Stiftung<\/a><br \/>\n<a href=\"http:\/\/www.art.fondation.nestle.ch\/?lang=DE\">Fondation\u00a0Nestl\u00e9 pour l&#8217;art<\/a><a href=\"http:\/\/www.safiental.ch\/Gemeinde\/\"><br \/>\n<\/a><a href=\"https:\/\/www.berghilfe.ch\/de\">Schweizer Berghilfe<\/a><a href=\"http:\/\/www.safiental.ch\/Gemeinde\/\"><br \/>\n<\/a>Lienhard-Stiftung<br \/>\nAvina-Stiftung<a href=\"http:\/\/www.safiental.ch\/Gemeinde\/\"><br \/>\n<\/a>Kanton Graub\u00fcnden<br \/>\nBoner Stiftung f\u00fcr Kunst und Kultur<br \/>\nNaturpark Beverin<br \/>\nPro Safiental<br \/>\n<span class=\"s1\">Tino Walz-Stiftung<br \/>\n<\/span><span class=\"s1\">Sozial- und Kulturhilfe Surselva<\/span><\/p>\n<p><strong>Sponsoren<\/strong><br \/>\n<a style=\"line-height: 1.5;\" href=\"https:\/\/rukka.abacuscity.ch\/de\/home?ref=1\">rukka AG<br \/>\n<\/a><a href=\"http:\/\/alltag.ch\/\">Alltag<br \/>\n<\/a><a href=\"http:\/\/allesmassiv.ch\/\">allesmassiv.ch<\/a><br \/>\nZinsli Eisenwaren<br \/>\nHew AB Bauunternehmung<\/p>\n<p><img loading=\"lazy\" decoding=\"async\" class=\"alignleft size-full wp-image-1591\" src=\"http:\/\/archiv.artsafiental.ch\/wp-content\/uploads\/2016\/03\/alle-logos-8.16.png\" alt=\"alle logos 8.16\" width=\"1303\" height=\"449\" srcset=\"http:\/\/archiv.artsafiental.ch\/wp-content\/uploads\/2016\/03\/alle-logos-8.16.png 1303w, http:\/\/archiv.artsafiental.ch\/wp-content\/uploads\/2016\/03\/alle-logos-8.16-300x103.png 300w, http:\/\/archiv.artsafiental.ch\/wp-content\/uploads\/2016\/03\/alle-logos-8.16-768x265.png 768w, http:\/\/archiv.artsafiental.ch\/wp-content\/uploads\/2016\/03\/alle-logos-8.16-1024x353.png 1024w\" sizes=\"auto, (max-width: 1303px) 100vw, 1303px\" \/><\/p>","protected":false},"excerpt":{"rendered":"<p>Partners Tr\u00e4gerschaft Pro Safiental Partner Gemeinde Safiental Safiental Tourismus Surselva Tourismus Naturpark Beverin Pension Alpenblick Unterst\u00fctzt von Gemeinde Safiental Pro Helvetia, Schweizer Kulturstiftung Ernst G\u00f6hner Stiftung Fondation\u00a0Nestl\u00e9 pour l&#8217;art Schweizer Berghilfe Lienhard-Stiftung Avina-Stiftung Kanton Graub\u00fcnden Boner Stiftung f\u00fcr Kunst und Kultur Naturpark Beverin Pro Safiental Tino Walz-Stiftung Sozial- und Kulturhilfe Surselva Sponsoren rukka AG Alltag [&hellip;]<\/p>\n","protected":false},"author":2,"featured_media":0,"parent":6,"menu_order":10,"comment_status":"closed","ping_status":"closed","template":"","meta":{"footnotes":"","_links_to":"","_links_to_target":""},"class_list":["post-36","page","type-page","status-publish","hentry"],"_links":{"self":[{"href":"http:\/\/archiv.artsafiental.ch\/en\/wp-json\/wp\/v2\/pages\/36","targetHints":{"allow":["GET"]}}],"collection":[{"href":"http:\/\/archiv.artsafiental.ch\/en\/wp-json\/wp\/v2\/pages"}],"about":[{"href":"http:\/\/archiv.artsafiental.ch\/en\/wp-json\/wp\/v2\/types\/page"}],"author":[{"embeddable":true,"href":"http:\/\/archiv.artsafiental.ch\/en\/wp-json\/wp\/v2\/users\/2"}],"replies":[{"embeddable":true,"href":"http:\/\/archiv.artsafiental.ch\/en\/wp-json\/wp\/v2\/comments?post=36"}],"version-history":[{"count":16,"href":"http:\/\/archiv.artsafiental.ch\/en\/wp-json\/wp\/v2\/pages\/36\/revisions"}],"predecessor-version":[{"id":1592,"href":"http:\/\/archiv.artsafiental.ch\/en\/wp-json\/wp\/v2\/pages\/36\/revisions\/1592"}],"up":[{"embeddable":true,"href":"http:\/\/archiv.artsafiental.ch\/en\/wp-json\/wp\/v2\/pages\/6"}],"wp:attachment":[{"href":"http:\/\/archiv.artsafiental.ch\/en\/wp-json\/wp\/v2\/media?parent=36"}],"curies":[{"name":"wp","href":"https:\/\/api.w.org\/{rel}","templated":true}]}}