{"id":3521,"date":"2020-02-03T07:12:27","date_gmt":"2020-02-03T06:12:27","guid":{"rendered":"http:\/\/archiv.artsafiental.ch\/?page_id=3521"},"modified":"2021-12-23T12:23:31","modified_gmt":"2021-12-23T11:23:31","slug":"partner","status":"publish","type":"page","link":"http:\/\/archiv.artsafiental.ch\/en\/as2020\/partner\/","title":{"rendered":"PARTNERS"},"content":{"rendered":"<p><\/p>\n<h1>Partner<\/h1>\n<p><b>Operated by<br \/>\n<\/b><a href=\"http:\/\/www.naturpark-beverin.ch\/\">Naturpark Beverin<\/a><a href=\"http:\/\/www.naturpark-beverin.ch\/\"><br \/>\n<\/a><\/p>\n<p><strong>Partner<\/strong><a href=\"http:\/\/www.prosafiental.ch\/\"><br \/>\n<\/a><a href=\"http:\/\/www.safiental.ch\/Gemeinde\/\">Gemeinde Safiental<\/a><a href=\"http:\/\/www.naturpark-beverin.ch\/\"><br \/>\n<\/a><a href=\"http:\/\/www.pension-alpenblick.ch\/\">Berghotel Alpenblick<br \/>\n<\/a><a href=\"https:\/\/www.iris.ethz.ch\/de\/das-institut\/sensory-motor-systems-lab.html\">ETH Z\u00fcrich, IRIS<\/a><\/p>\n<p><strong>Supported by<\/strong><br \/>\nMigros Kulturprozent<br \/>\nErnst G\u00f6hner Stiftung<br \/>\nKulturf\u00f6rderung Kanton Graub\u00fcnden<br \/>\nAlfred und Anneliese Sutter-St\u00f6ttner Stiftung<br \/>\nArs Rhenia Stiftung<br \/>\nLienhard-Stiftung<br \/>\nPro Helvetia<br \/>\nPancivis Stiftung<br \/>\nStiftung Dr. Valentin Malamoud<br \/>\nBoner Stiftung f\u00fcr Kunst und Kultur<br \/>\nStiftung Stravos S. Niarchos<br \/>\nStiftung Dr. Martin Othmar Winterhalter<br \/>\nKulturfonds des Kanton Glarus<br \/>\nStiftung Anne-Marie Schindler<br \/>\nRegion Surselva<br \/>\nGemeinde Safiental<\/p>\n<p><strong>Sponsors<\/strong><br \/>\n<a href=\"https:\/\/www.gkb.ch\/de\">Graub\u00fcndner Kantonalbank<\/a><br \/>\n<a href=\"https:\/\/www.swisscom.ch\/de\/privatkunden.html\">Swisscom<\/a><br \/>\n<a href=\"https:\/\/www.surselva.info\/\">Surselva Tourismus AG<\/a><br \/>\n<a href=\"https:\/\/richnerstutz.ch\/\">Richnerstutz AG<\/a><br \/>\nKieswerk Safiental AG<br \/>\n<a href=\"https:\/\/www.hew.ch\/\">HEW AG<\/a><br \/>\n<a href=\"https:\/\/www.montalta.ch\/\">Montalta Transport + Kies AG<\/a><br \/>\n<a href=\"https:\/\/www.ems-group.com\/de\/ueber-ems\/ueber-ems\/standort-domatems\/\">EMS-CHEMIE AG<\/a><br \/>\n<a href=\"http:\/\/www.demateo.ch\/\">demateo AG<\/a><br \/>\n<a href=\"https:\/\/www.repower.com\/ch\/privatkunden\/\">Repower AG<\/a><br \/>\n<a href=\"https:\/\/www.communicaziun.ch\/\">Communicaziun.ch<\/a><br \/>\n<a href=\"https:\/\/casutt-gruppe.ch\/\">Casutt Druck &amp; Werbetechnik AG<\/a><br \/>\n<a href=\"https:\/\/www.salzgeber-holzbau.ch\/\">Salzgeber &amp; Co. Holzbau<\/a><br \/>\n<a href=\"https:\/\/www.oekk.ch\/de\/privatkunden\/\">\u00d6KK<\/a><br \/>\n<a href=\"https:\/\/joerimann.com\/\">J\u00f6rimann Stahl AG<\/a><strong><br \/>\n<\/strong><a href=\"http:\/\/videocompany.ch\/\">Videocompany.ch<\/a><strong><br \/>\n<\/strong><\/p>\n<p><strong>Facilitators<br \/>\n<\/strong><a href=\"http:\/\/bio-lammfleisch.ch\/Der-Betrieb\/\">Simon Buchli, Zal\u00f6n<\/a><br \/>\n<a href=\"http:\/\/www.kwz.ch\/kraftwerksanlagen\/safien\/\">Kraftwerke Zervreila AG Safien<\/a><br \/>\n<a href=\"https:\/\/biennale-bregaglia.ch\/\">Biennale Bregalia<\/a><br \/>\n<a href=\"http:\/\/www.roessli-versam.ch\/brauerei\/\">Safienbrauerei R\u00f6ssli Versam<br \/>\n<\/a><a href=\"https:\/\/www.tennaplus.ch\/\">Verein Tenna Plus<\/a><\/p>","protected":false},"excerpt":{"rendered":"<p>Partner Operated by Naturpark Beverin Partner Gemeinde Safiental Berghotel Alpenblick ETH Z\u00fcrich, IRIS Supported by Migros Kulturprozent Ernst G\u00f6hner Stiftung Kulturf\u00f6rderung Kanton Graub\u00fcnden Alfred und Anneliese Sutter-St\u00f6ttner Stiftung Ars Rhenia Stiftung Lienhard-Stiftung Pro Helvetia Pancivis Stiftung Stiftung Dr. Valentin Malamoud Boner Stiftung f\u00fcr Kunst und Kultur Stiftung Stravos S. Niarchos Stiftung Dr. Martin Othmar Winterhalter [&hellip;]<\/p>\n","protected":false},"author":2,"featured_media":0,"parent":3489,"menu_order":12,"comment_status":"closed","ping_status":"closed","template":"","meta":{"footnotes":"","_links_to":"","_links_to_target":""},"class_list":["post-3521","page","type-page","status-publish","hentry"],"_links":{"self":[{"href":"http:\/\/archiv.artsafiental.ch\/en\/wp-json\/wp\/v2\/pages\/3521","targetHints":{"allow":["GET"]}}],"collection":[{"href":"http:\/\/archiv.artsafiental.ch\/en\/wp-json\/wp\/v2\/pages"}],"about":[{"href":"http:\/\/archiv.artsafiental.ch\/en\/wp-json\/wp\/v2\/types\/page"}],"author":[{"embeddable":true,"href":"http:\/\/archiv.artsafiental.ch\/en\/wp-json\/wp\/v2\/users\/2"}],"replies":[{"embeddable":true,"href":"http:\/\/archiv.artsafiental.ch\/en\/wp-json\/wp\/v2\/comments?post=3521"}],"version-history":[{"count":12,"href":"http:\/\/archiv.artsafiental.ch\/en\/wp-json\/wp\/v2\/pages\/3521\/revisions"}],"predecessor-version":[{"id":4271,"href":"http:\/\/archiv.artsafiental.ch\/en\/wp-json\/wp\/v2\/pages\/3521\/revisions\/4271"}],"up":[{"embeddable":true,"href":"http:\/\/archiv.artsafiental.ch\/en\/wp-json\/wp\/v2\/pages\/3489"}],"wp:attachment":[{"href":"http:\/\/archiv.artsafiental.ch\/en\/wp-json\/wp\/v2\/media?parent=3521"}],"curies":[{"name":"wp","href":"https:\/\/api.w.org\/{rel}","templated":true}]}}