{"id":3501,"date":"2020-07-06T12:57:21","date_gmt":"2020-07-06T10:57:21","guid":{"rendered":"http:\/\/archiv.artsafiental.ch\/?page_id=3501"},"modified":"2020-07-28T01:31:07","modified_gmt":"2020-07-27T23:31:07","slug":"patrick-rohner","status":"publish","type":"page","link":"http:\/\/archiv.artsafiental.ch\/en\/as2020\/hiddenpage\/patrick-rohner\/","title":{"rendered":"Patrick Rohner"},"content":{"rendered":"<p><\/p>\n<h1><strong>Patrick Rohner: DIE NATUR KENNT KEINE KATASTROPHEN (NATURE KNOWS NO DISASTERS)<br \/>\n<\/strong><\/h1>\n<p><span style=\"color: #0c82c7;\"><strong>A<\/strong> SAFIEN PLATZ, at the power plant<\/span> \u2013 GPS: 46.80675, 31434 &#8211; from Versam-Safien railway station approx. 5 min<br \/>\n<span style=\"color: #0c82c7;\"><strong>B<\/strong> VERSAM-SAFIEN (railway station), Rhine Gorge<\/span> \u2013 GPS: 80675, 9.31434 &#8211; from Versam-Safien railway station approx. 5 min<br \/>\n<span style=\"color: #0c82c7;\"><strong>C<\/strong> AREZEN, at the Fatscha tunnel<\/span> \u2013 GPS: 46.77958, 9.33947 &#8211;<br \/>\n<span style=\"color: #0c82c7;\"><strong>D<\/strong> TENNA, INNERBERG, on the way to the playground<\/span>\u2013 GPS: 46.74155, 9.33172 &#8211;\u00a0from Tenna center approx. 15 min.<br \/>\n<span style=\"color: #0c82c7;\"><strong>E<\/strong> NEUKIRCH, on the way to church<\/span> \u2013 GPS: 46.71328, 9.32712 &#8211;\u00a0from post bus station 10 min<br \/>\n<span style=\"color: #0c82c7;\"><strong>F<\/strong> THALKIRCH, along Walserweg<\/span> \u2013 GPS: 46.63391, 27878 &#8211;\u00a0from Thalkirch church approx. 10 min.<br \/>\n<span style=\"color: #0c82c7;\"><strong>G<\/strong> WANNA, on the way to the waterfall<\/span> \u2013 GPS: 46.61151, 27862 &#8211;\u00a0from Turrahus approx. 30 min. \/ from PP Wanna approx. 5 min.<br \/>\n<img loading=\"lazy\" decoding=\"async\" class=\"alignleft size-full wp-image-4095\" src=\"http:\/\/archiv.artsafiental.ch\/wp-content\/uploads\/2020\/07\/DSC_1423k.jpg\" alt=\"DSC_1423k\" width=\"7360\" height=\"4912\" srcset=\"http:\/\/archiv.artsafiental.ch\/wp-content\/uploads\/2020\/07\/DSC_1423k.jpg 7360w, http:\/\/archiv.artsafiental.ch\/wp-content\/uploads\/2020\/07\/DSC_1423k-300x200.jpg 300w, http:\/\/archiv.artsafiental.ch\/wp-content\/uploads\/2020\/07\/DSC_1423k-768x513.jpg 768w, http:\/\/archiv.artsafiental.ch\/wp-content\/uploads\/2020\/07\/DSC_1423k-1024x683.jpg 1024w\" sizes=\"auto, (max-width: 7360px) 100vw, 7360px\" \/><\/p>\n<p>In his three-part work, the artist addresses the consequences of climate change. For his video film, he scanned the Rabiusa Delta with a drone as it enters the Reinschlucht. Visitors can watch the film live in nature on their mobile device at seven locations in the valley, which are among to the most endangered in the canton. Panels with a QR code leading to the film online have been set up. A second intervention is a slide presentation of a rock face at Safien Platz, which, mounted on three municipal vehicles, travels daily through the valley. The third part consists of 14 &#8220;stone drawings&#8221; which will be created in the Carnusatobel over the summer and will be exhibited at the ILEA at Berghotel Alpenblick after the Biennale. A part of the work can also be seen in the parallel Bregaglia Biennial.<\/p>\n<p><span style=\"color: #0b6ca3;\">video, installation, intervention, photography, drawing<\/span><\/p>\n<p><iframe loading=\"lazy\" title=\"Patrick Rohner \u00abDie Natur kennt keine Katastrophen\u00bb\" width=\"500\" height=\"281\" src=\"https:\/\/www.youtube.com\/embed\/lZK2Lmeaomw?feature=oembed\" frameborder=\"0\" allow=\"accelerometer; autoplay; clipboard-write; encrypted-media; gyroscope; picture-in-picture; web-share\" referrerpolicy=\"strict-origin-when-cross-origin\" allowfullscreen><\/iframe><\/p>\n<p><span class=\"s1\"><span style=\"color: #0b6ca3;\">ASSISTANCE: <\/span>Norbert M\u00f6slang, Sebastian Lienert, J\u00fcrg Z\u00fcrcher, Kurt Wegmann, Peter Hubacher, Invar-Torre Hollaus, Helmut Weissert, Roland Stieger, Benno B\u00fcsser, Lukas Zindel<span style=\"color: #0b6ca3;\"><br \/>\n<span class=\"s1\">SUPPORT\/THANKS: <\/span><\/span><\/span>Kulturfonds des Kanton Glarus, Stiftung Anne-Marie Schindler, Gemeinde Safiental, Kraftwerke Zervreila AG, Daniel Buchli, Thomas Buchli, Paul Gartmann, Biennale Bregaglia, Galerie Mark M\u00fcller, Berghotel Alpenblick, Jolanda Rechsteiner<\/p>\n<p>&nbsp;<\/p>","protected":false},"excerpt":{"rendered":"<p>Patrick Rohner: DIE NATUR KENNT KEINE KATASTROPHEN (NATURE KNOWS NO DISASTERS) A SAFIEN PLATZ, at the power plant \u2013 GPS: 46.80675, 31434 &#8211; from Versam-Safien railway station approx. 5 min B VERSAM-SAFIEN (railway station), Rhine Gorge \u2013 GPS: 80675, 9.31434 &#8211; from Versam-Safien railway station approx. 5 min C AREZEN, at the Fatscha tunnel \u2013 [&hellip;]<\/p>\n","protected":false},"author":2,"featured_media":0,"parent":3490,"menu_order":10,"comment_status":"closed","ping_status":"closed","template":"","meta":{"footnotes":"","_links_to":"","_links_to_target":""},"class_list":["post-3501","page","type-page","status-publish","hentry"],"_links":{"self":[{"href":"http:\/\/archiv.artsafiental.ch\/en\/wp-json\/wp\/v2\/pages\/3501","targetHints":{"allow":["GET"]}}],"collection":[{"href":"http:\/\/archiv.artsafiental.ch\/en\/wp-json\/wp\/v2\/pages"}],"about":[{"href":"http:\/\/archiv.artsafiental.ch\/en\/wp-json\/wp\/v2\/types\/page"}],"author":[{"embeddable":true,"href":"http:\/\/archiv.artsafiental.ch\/en\/wp-json\/wp\/v2\/users\/2"}],"replies":[{"embeddable":true,"href":"http:\/\/archiv.artsafiental.ch\/en\/wp-json\/wp\/v2\/comments?post=3501"}],"version-history":[{"count":12,"href":"http:\/\/archiv.artsafiental.ch\/en\/wp-json\/wp\/v2\/pages\/3501\/revisions"}],"predecessor-version":[{"id":4166,"href":"http:\/\/archiv.artsafiental.ch\/en\/wp-json\/wp\/v2\/pages\/3501\/revisions\/4166"}],"up":[{"embeddable":true,"href":"http:\/\/archiv.artsafiental.ch\/en\/wp-json\/wp\/v2\/pages\/3490"}],"wp:attachment":[{"href":"http:\/\/archiv.artsafiental.ch\/en\/wp-json\/wp\/v2\/media?parent=3501"}],"curies":[{"name":"wp","href":"https:\/\/api.w.org\/{rel}","templated":true}]}}