{"id":3496,"date":"2020-07-06T11:42:22","date_gmt":"2020-07-06T09:42:22","guid":{"rendered":"http:\/\/archiv.artsafiental.ch\/?page_id=3496"},"modified":"2020-10-18T12:44:27","modified_gmt":"2020-10-18T10:44:27","slug":"froelicher-bietenhader","status":"publish","type":"page","link":"http:\/\/archiv.artsafiental.ch\/en\/as2020\/hiddenpage\/froelicher-bietenhader\/","title":{"rendered":"Fr\u00f6licher | Bietenhader"},"content":{"rendered":"<p><\/p>\n<h1>fr\u00f6licher | bietenhader: <strong>CTRL + S <\/strong><strong>(PREK\u00c4RE<\/strong> <strong>STELLEN)<\/strong><\/h1>\n<p class=\"p1\"><span style=\"color: #0a7bc7;\">B\u00e4ch, B\u00e4cher H\u00fctta<\/span> \u2013 GPS: 46.65206, 9.27264 &#8211;\u00a0From B\u00e4ch approx. 30 min<\/p>\n<p class=\"p1\"><img loading=\"lazy\" decoding=\"async\" class=\"alignleft size-full wp-image-3942\" src=\"http:\/\/archiv.artsafiental.ch\/wp-content\/uploads\/2020\/07\/fro\u0308licher-I-bietenhader-\u201cctrl-s-preka\u0308re-Stellen\u201d-Art-Safiental-2020-4MB.jpg\" alt=\"fro\u0308licher I bietenhader- \u201cctrl + s (preka\u0308re Stellen)\u201d, Art Safiental 2020, 4MB\" width=\"7360\" height=\"4912\" srcset=\"http:\/\/archiv.artsafiental.ch\/wp-content\/uploads\/2020\/07\/fro\u0308licher-I-bietenhader-\u201cctrl-s-preka\u0308re-Stellen\u201d-Art-Safiental-2020-4MB.jpg 7360w, http:\/\/archiv.artsafiental.ch\/wp-content\/uploads\/2020\/07\/fro\u0308licher-I-bietenhader-\u201cctrl-s-preka\u0308re-Stellen\u201d-Art-Safiental-2020-4MB-300x200.jpg 300w, http:\/\/archiv.artsafiental.ch\/wp-content\/uploads\/2020\/07\/fro\u0308licher-I-bietenhader-\u201cctrl-s-preka\u0308re-Stellen\u201d-Art-Safiental-2020-4MB-768x513.jpg 768w, http:\/\/archiv.artsafiental.ch\/wp-content\/uploads\/2020\/07\/fro\u0308licher-I-bietenhader-\u201cctrl-s-preka\u0308re-Stellen\u201d-Art-Safiental-2020-4MB-1024x683.jpg 1024w\" sizes=\"auto, (max-width: 7360px) 100vw, 7360px\" \/><\/p>\n<p>In media technology, a glitch is a short-term disruption in the output of image and sound content which may also be witnessed by the viewer as brief mosaic of different colored blocks. Such a picture error seems to have crept into the landscape above B\u00e4ch. It is neither a defect of vision nor is the viewer trapped inside a film. Rather, he\/she is standing on an alpine meadow. The apparently volatile pixel error in front of them is real and three-dimensional and it covers a Walser stable. The cladding of the old barn with an envelope of pixels addresses the technological changes affecting architecture and agriculture and is reflected in the title of the work: Ctrl + s which refers to both to the keyboard shortcut for saving a digital file as well as the physical imperative for conservation and preservation.<\/p>\n<p><span style=\"color: #b00c17;\">Park cars at the beginning of Alpstrasse and walk to the work. Please stay on the street to view the work and do not enter the meadow or the stable.<\/span><\/p>\n<p class=\"p1\"><span style=\"color: #0c59b0;\">Installation<br \/>\n<\/span><\/p>\n<p class=\"p1\"><span class=\"s1\" style=\"color: #0c59b0;\">ASSISTANCE: <\/span>Sebastian Bietenhader, Angela Staffelbach, Daniel Bietenhader, Lynne Mathews-Bietenhader, Melanie Joos, Giuliano Kr\u00e4ttli<br \/>\n<span class=\"s1\"><span style=\"color: #0c59b0;\">SUPPORT\/THANKS<\/span>:\u00a0<\/span>Migros Kulturprozent, Richnerstutz, Regula und Hanspeter Bandli<\/p>\n<p><\/p>","protected":false},"excerpt":{"rendered":"<p>fr\u00f6licher | bietenhader: CTRL + S (PREK\u00c4RE STELLEN) B\u00e4ch, B\u00e4cher H\u00fctta \u2013 GPS: 46.65206, 9.27264 &#8211;\u00a0From B\u00e4ch approx. 30 min In media technology, a glitch is a short-term disruption in the output of image and sound content which may also be witnessed by the viewer as brief mosaic of different colored blocks. Such a picture [&hellip;]<\/p>\n","protected":false},"author":2,"featured_media":0,"parent":3490,"menu_order":5,"comment_status":"closed","ping_status":"closed","template":"","meta":{"footnotes":"","_links_to":"","_links_to_target":""},"class_list":["post-3496","page","type-page","status-publish","hentry"],"_links":{"self":[{"href":"http:\/\/archiv.artsafiental.ch\/en\/wp-json\/wp\/v2\/pages\/3496","targetHints":{"allow":["GET"]}}],"collection":[{"href":"http:\/\/archiv.artsafiental.ch\/en\/wp-json\/wp\/v2\/pages"}],"about":[{"href":"http:\/\/archiv.artsafiental.ch\/en\/wp-json\/wp\/v2\/types\/page"}],"author":[{"embeddable":true,"href":"http:\/\/archiv.artsafiental.ch\/en\/wp-json\/wp\/v2\/users\/2"}],"replies":[{"embeddable":true,"href":"http:\/\/archiv.artsafiental.ch\/en\/wp-json\/wp\/v2\/comments?post=3496"}],"version-history":[{"count":14,"href":"http:\/\/archiv.artsafiental.ch\/en\/wp-json\/wp\/v2\/pages\/3496\/revisions"}],"predecessor-version":[{"id":4399,"href":"http:\/\/archiv.artsafiental.ch\/en\/wp-json\/wp\/v2\/pages\/3496\/revisions\/4399"}],"up":[{"embeddable":true,"href":"http:\/\/archiv.artsafiental.ch\/en\/wp-json\/wp\/v2\/pages\/3490"}],"wp:attachment":[{"href":"http:\/\/archiv.artsafiental.ch\/en\/wp-json\/wp\/v2\/media?parent=3496"}],"curies":[{"name":"wp","href":"https:\/\/api.w.org\/{rel}","templated":true}]}}