{"id":34,"date":"2016-03-05T00:58:15","date_gmt":"2016-03-04T23:58:15","guid":{"rendered":"http:\/\/archiv.artsafiental.ch\/?page_id=34"},"modified":"2017-12-18T13:30:21","modified_gmt":"2017-12-18T12:30:21","slug":"presse","status":"publish","type":"page","link":"http:\/\/archiv.artsafiental.ch\/en\/as2016\/presse\/","title":{"rendered":"MEDIA"},"content":{"rendered":"<p><\/p>\n<h1>Media<\/h1>\n<p><strong>For the media<br \/>\n<\/strong>R\u00e9sum\u00e9\/Press Release 2 (22.9.16) <a href=\"http:\/\/archiv.artsafiental.ch\/wp-content\/uploads\/2016\/09\/Bilanz-der-1-Art-Safiental-Pressetext-22-9-2016-def.pdf\">Deutsch<\/a><br \/>\nPress photos 2 \u00a0<a href=\"http:\/\/archiv.artsafiental.ch\/wp-content\/uploads\/2016\/09\/Comcom_Alder2.png\" data-rel=\"lightbox-image-0\" data-rl_title=\"\" data-rl_caption=\"\" title=\"\">Bergkanzel<\/a> &#8211; <a href=\"http:\/\/archiv.artsafiental.ch\/wp-content\/uploads\/2016\/09\/Chapuisat_Alder2.png\" data-rel=\"lightbox-image-1\" data-rl_title=\"\" data-rl_caption=\"\" title=\"\">Stammtisch<\/a> &#8211; <a href=\"http:\/\/archiv.artsafiental.ch\/wp-content\/uploads\/2016\/09\/Jaffa-Lam_Lerch-1.jpg\" data-rel=\"lightbox-image-2\" data-rl_title=\"\" data-rl_caption=\"\" title=\"\">W\u00e4scheleine<\/a><strong><br \/>\n<\/strong>Art Hiking Map &#8211; <a href=\"http:\/\/archiv.artsafiental.ch\/wp-content\/uploads\/2016\/07\/Art-Safiental-2016-MAP-kl.pdf\">download<\/a><strong><br \/>\n<\/strong>Press release 1 (19.5.16)\u00a0<a href=\"http:\/\/archiv.artsafiental.ch\/wp-content\/uploads\/2016\/06\/Pressetext-Alps-Art-Academy-D-15.5.pdf\">Deutsch<\/a> &#8211; <a href=\"http:\/\/archiv.artsafiental.ch\/wp-content\/uploads\/2016\/06\/Pressetext-Alps-Art-Academy-FR-15.5.pdf\">Francais<\/a> &#8211; <a href=\"http:\/\/archiv.artsafiental.ch\/wp-content\/uploads\/2016\/06\/Pressetext-Alps-Art-Academy-ENG-15.5.pdf\">English<\/a><br \/>\nPress photos Chapuisat:\u00a0Une \u00e9chapp\u00e9e belle\u00a0<a href=\"http:\/\/archiv.artsafiental.ch\/wp-content\/uploads\/2016\/03\/AAA_chapuisat1.jpg\" data-rel=\"lightbox-image-3\" data-rl_title=\"\" data-rl_caption=\"\" title=\"\">1<\/a> \/ <a href=\"http:\/\/archiv.artsafiental.ch\/wp-content\/uploads\/2016\/03\/AAA_chapuisat2.png\" data-rel=\"lightbox-image-4\" data-rl_title=\"\" data-rl_caption=\"\" title=\"\">2<\/a> \/ <a href=\"http:\/\/archiv.artsafiental.ch\/wp-content\/uploads\/2016\/03\/AAA_chapuisat3.tif\">3<\/a><br \/>\nPress photos Com&amp;Com: Bergkanzel\u00a0&#8211; <a href=\"http:\/\/archiv.artsafiental.ch\/wp-content\/uploads\/2016\/03\/AAA_comcom1.jpg\" data-rel=\"lightbox-image-5\" data-rl_title=\"\" data-rl_caption=\"\" title=\"\">1<\/a> \/ <a href=\"http:\/\/archiv.artsafiental.ch\/wp-content\/uploads\/2016\/03\/AAA_comcom2.jpg\" data-rel=\"lightbox-image-6\" data-rl_title=\"\" data-rl_caption=\"\" title=\"\">2<\/a> \/ <a href=\"http:\/\/archiv.artsafiental.ch\/wp-content\/uploads\/2016\/03\/AAA_comcom3.jpg\" data-rel=\"lightbox-image-7\" data-rl_title=\"\" data-rl_caption=\"\" title=\"\">3<\/a><br \/>\nPress photos Atelier f\u00fcr Sonderaufgaben: Null Stern Hotel (Land Art Version) &#8211;\u00a0<a href=\"http:\/\/archiv.artsafiental.ch\/wp-content\/uploads\/2016\/03\/AAA_sonderaufgaben1.jpg\" data-rel=\"lightbox-image-8\" data-rl_title=\"\" data-rl_caption=\"\" title=\"\">1<\/a> \/ <a href=\"http:\/\/archiv.artsafiental.ch\/wp-content\/uploads\/2016\/03\/AAA_sonderaufgaben2.jpg\" data-rel=\"lightbox-image-9\" data-rl_title=\"\" data-rl_caption=\"\" title=\"\">2<\/a> \/ <a href=\"http:\/\/archiv.artsafiental.ch\/wp-content\/uploads\/2016\/03\/AAA_sonderaufgaben3.jpg\" data-rel=\"lightbox-image-10\" data-rl_title=\"\" data-rl_caption=\"\" title=\"\">3<\/a><br \/>\nPress photos Raumlabor: Noa&#8217;s Song &#8211; <a href=\"http:\/\/archiv.artsafiental.ch\/wp-content\/uploads\/2016\/03\/AAA_raumlabor1.jpg\" data-rel=\"lightbox-image-11\" data-rl_title=\"\" data-rl_caption=\"\" title=\"\">1<\/a> \/ <a href=\"http:\/\/archiv.artsafiental.ch\/wp-content\/uploads\/2016\/03\/AAA_raumlabor2.jpg\" data-rel=\"lightbox-image-12\" data-rl_title=\"\" data-rl_caption=\"\" title=\"\">2<\/a> \/ <a href=\"http:\/\/archiv.artsafiental.ch\/wp-content\/uploads\/2016\/03\/AAA_raumlabor3.jpg\" data-rel=\"lightbox-image-13\" data-rl_title=\"\" data-rl_caption=\"\" title=\"\">3<\/a><br \/>\nPress photos Jaffa Lam:\u00a0Bridge-Sewing &#8211;<a href=\"http:\/\/archiv.artsafiental.ch\/wp-content\/uploads\/2016\/03\/AAA_jaffa1.jpg\" data-rel=\"lightbox-image-14\" data-rl_title=\"\" data-rl_caption=\"\" title=\"\"> 1<\/a> \/ <a href=\"http:\/\/archiv.artsafiental.ch\/wp-content\/uploads\/2016\/03\/AAA_jaffa2.jpg\" data-rel=\"lightbox-image-15\" data-rl_title=\"\" data-rl_caption=\"\" title=\"\">2<\/a> \/ <a href=\"http:\/\/archiv.artsafiental.ch\/wp-content\/uploads\/2016\/03\/AAA_jaffa3.jpg\" data-rel=\"lightbox-image-16\" data-rl_title=\"\" data-rl_caption=\"\" title=\"\">3<\/a><br \/>\nPress photos Filippo Minelli: Egofriendly\u00a0&#8211; <a href=\"http:\/\/archiv.artsafiental.ch\/wp-content\/uploads\/2016\/03\/AAA_minelli1.jpg\" data-rel=\"lightbox-image-17\" data-rl_title=\"\" data-rl_caption=\"\" title=\"\">1<\/a> \/ <a href=\"http:\/\/archiv.artsafiental.ch\/wp-content\/uploads\/2016\/03\/AAA_minelli2.jpg\" data-rel=\"lightbox-image-18\" data-rl_title=\"\" data-rl_caption=\"\" title=\"\">2<\/a> \/ <a href=\"http:\/\/archiv.artsafiental.ch\/wp-content\/uploads\/2016\/03\/AAA_minelli3.jpg\" data-rel=\"lightbox-image-19\" data-rl_title=\"\" data-rl_caption=\"\" title=\"\">3<\/a><br \/>\nPress photos Filippo Minelli: Performance (Silent shapes)\u00a0&#8211;\u00a0<a href=\"http:\/\/archiv.artsafiental.ch\/wp-content\/uploads\/2016\/03\/AAA_minelli4-1.jpg\" data-rel=\"lightbox-image-20\" data-rl_title=\"\" data-rl_caption=\"\" title=\"\">1<\/a> \/ <a href=\"http:\/\/archiv.artsafiental.ch\/wp-content\/uploads\/2016\/03\/AAA_minelli5.jpg\" data-rel=\"lightbox-image-21\" data-rl_title=\"\" data-rl_caption=\"\" title=\"\">2<\/a>\u00a0\/\u00a0<a href=\"http:\/\/archiv.artsafiental.ch\/wp-content\/uploads\/2016\/03\/213A4418.jpg\" data-rel=\"lightbox-image-22\" data-rl_title=\"\" data-rl_caption=\"\" title=\"\">3<\/a><br \/>\nPress photo H.R. Fricker: Asyl \u2013 sechs Lichtungen &#8211; <a href=\"http:\/\/archiv.artsafiental.ch\/wp-content\/uploads\/2016\/03\/AAA_fricker.jpg\" data-rel=\"lightbox-image-23\" data-rl_title=\"\" data-rl_caption=\"\" title=\"\">1<\/a><br \/>\nOpening program July 2. <a href=\"http:\/\/archiv.artsafiental.ch\/wp-content\/uploads\/2016\/06\/Programm-Vernissage-V1e.pdf\">download<\/a><\/p>\n<p><strong>From the media<br \/>\n<\/strong>Kunst Bulletin.\u00a0Land Art, Ausgabe Juli-Aug, S. 108, <a href=\"http:\/\/archiv.artsafiental.ch\/wp-content\/uploads\/2016\/03\/kunstbulletin7_8.16-e1468269540448.jpg\" data-rel=\"lightbox-image-24\" data-rl_title=\"\" data-rl_caption=\"\" title=\"\">download<\/a><br \/>\nNeue Z\u00fcrcher Zeitung. Katja Baigger: Kunst &#8211; auf eigene Gefahr!, 19. Juli 2016, <a href=\"http:\/\/www.nzz.ch\/panorama\/die-freiluftschau-art-safiental-kunst-auf-eigene-gefahr-ld.106311\">link<\/a>,\u00a0<a href=\"http:\/\/archiv.artsafiental.ch\/wp-content\/uploads\/2016\/03\/NZZ-19.7.pdf\">download<\/a><br \/>\nThe Huffingtonpost Greece.\u00a0\u0395\u03c3\u03b5\u03af\u03c2 \u03b8\u03b1 \u03bc\u03ad\u03bd\u03b1\u03c4\u03b5 \u03c3\u03b5 \u03b1\u03c5\u03c4\u03cc \u03c4\u03bf \u00ab\u03b4\u03c9\u03bc\u03ac\u03c4\u03b9\u03bf\u00bb \u03be\u03b5\u03bd\u03bf\u03b4\u03bf\u03c7\u03b5\u03af\u03bf\u03c5 \u03c0\u03bf\u03c5 \u03b4\u03b5\u03bd \u03ad\u03c7\u03b5\u03b9 \u03bf\u03cd\u03c4\u03b5 \u03c4\u03bf\u03af\u03c7\u03bf\u03c5\u03c2; 18. Juli 2016, <a href=\"http:\/\/www.huffingtonpost.gr\/2016\/07\/18\/design-deco-domatio-ksenodoxeiou-alpeis_n_11049216.html\">link<\/a><br \/>\nRSI TV. Un tetto di stelle. 17. Juli 2016, <a href=\"http:\/\/www.rsi.ch\/play\/tv\/telegiornale\/video\/17-07-2016-grigioni-dormire-sotto-le-stelle?id=7760033\">link<\/a><br \/>\nRefinery29. Sabrina Rojas Weiss:\u00a0<span class=\"s1\">This Hotel Offers The Ultimate Mountain View, 17. Juli 2016, <a href=\"http:\/\/www.refinery29.com\/2016\/07\/117042\/hotel-switzerland-no-walls-null-stern#slide\">link<br \/>\n<\/a>Press TV Iran. World first open air hotel opens in the \u00a0Switzerland mountains, 16. Juli 2016, <a href=\"http:\/\/www.presstv.ir\/Detail\/2016\/07\/16\/475515\/First-openair-hotel\">link<\/a><a href=\"http:\/\/www.refinery29.com\/2016\/07\/117042\/hotel-switzerland-no-walls-null-stern#slide\"><br \/>\n<\/a><\/span>TV S\u00fcdostschweiz. Kunstwerke unter freiem Himmel, 15.7.2016, <a href=\"https:\/\/www.youtube.com\/watch?v=EL0dIXzyXkM\">link<\/a><br \/>\nWirtschaftsblatt.at.\u00a0230 \u20ac f\u00fcr eine Nacht im Luxus-Hotel ohne W\u00e4nde, 15. Juli 2016, <a href=\"http:\/\/wirtschaftsblatt.at\/home\/life\/timeout\/reise\/5050848\/230-fur-eine-Nacht-im-LuxusHotel-ohne-Waende\">link<\/a><br \/>\nBild.de.\u00a0Das absurde Schweizer Hotel mit Null Sternen, 15. Juli 2016, <a href=\"http:\/\/archiv.artsafiental.ch\/wp-content\/uploads\/2016\/03\/Bild-Null-stern-15.7.png\" data-rel=\"lightbox-image-25\" data-rl_title=\"\" data-rl_caption=\"\" title=\"\">download<\/a><br \/>\nRuptly TV Berlin, Switzerland: Zero Star Hotel, 15. Juli 2016, <a href=\"https:\/\/www.youtube.com\/watch?v=NmsVEh5PcWM\">link<\/a><br \/>\nB\u00fcnder Tagblatt. &#8220;Kunst bleibt Kunst&#8221;, Cover, 15. Juli 2016, <a href=\"http:\/\/archiv.artsafiental.ch\/wp-content\/uploads\/2016\/03\/BT-Cover-15.7.pdf\">download<\/a><br \/>\nB\u00fcnder Tagblatt. Stefanie Studer: Mal schl\u00e4ft der Gast, mal das Bett, S. 3, 15. Juli 2016, <a href=\"http:\/\/archiv.artsafiental.ch\/wp-content\/uploads\/2016\/03\/BT-17.5-1.pdf\">download<\/a><br \/>\nTravelbook.de. Das absurde Schweizer Hotel mit Null Sternen, 14. Juli 2016, <a href=\"http:\/\/www.travelbook.de\/europa\/230-euro-fuer-ein-zimmer-ohne-klo-dusche-waende-das-absurde-schweizer-hotel-mit-null-sternen-787418.html\">link<br \/>\n<\/a>Radio Top. Morgenshow, 14. Juli 2016, <a href=\"http:\/\/archiv.artsafiental.ch\/wp-content\/uploads\/2016\/03\/Null-Stern-Hotel-Radio-Top14.7.mp3\">link<\/a><br \/>\nMetro Radio Hong Kong.\u5927\u4e16\u754c\u597d\u9999\u6e2f\u00a0\u8449\u6cf3\u8a69.\u00a0Audrey Hip with Jaffa Lam, 12. Juli 2016, 10-11am,\u00a0<a href=\"http:\/\/www.metroradio.com.hk\/MLD\/Archive\/wmpopup_archive2.asp?http:\/\/testmp3.http.akamai-trials.com\/MLD\/20160712\/MLD_201607121000.mp3\">link<\/a>\u00a0(Min 9+)<br \/>\nn-tv. Null-Sterne-Unterkunft unterm Nachthimmel, 12. Juli 2016, <a href=\"http:\/\/mobil.n-tv.de\/reise\/Null-Sterne-Unterkunft-unterm-Nachthimmel-article18175971.html\">link<br \/>\n<\/a>on.cc.\u00a0\u963f\u723e\u5351\u65af\u5c71\u9152\u5e97\u623f \u4f4f\u5ba2\u96f6\u8ddd\u96e2\u63a5\u89f8\u5927\u81ea\u7136, 11. Juli 2016, <a href=\"http:\/\/tw.on.cc\/int\/bkn\/cnt\/news\/20160711\/mobile\/bknint-20160711102846122-0711_17011_001.html\">link<\/a><br \/>\nMirror. Room with a 360 degree view. 10. Juli 2016, <a href=\"http:\/\/www.mirror.co.uk\/news\/uk-news\/room-360-degree-view-mountainside-8388310\">link<\/a><br \/>\nDaily Star. Null stern outdoor hotel offers bed in greenery and mountain view, 10. Juli 2016,\u00a0<a href=\"http:\/\/www.dailystar.co.uk\/news\/latest-news\/529014\/zero-star-hotel-Swiss-mountains-nuclear-bunker-Null-Stern-Hotel-top-100-hotels-Europe\">link<\/a><strong><br \/>\n<\/strong>B\u00fcndner Woche. Kunst im Safiental, 6. Juli 2016, S. 31, <a href=\"http:\/\/archiv.artsafiental.ch\/wp-content\/uploads\/2016\/03\/Bu\u0308ndner-Woche-6.7.2016-2-Seiten.pdf\">download<\/a><strong><br \/>\n<\/strong>Kulturtip. Kunstwege. Unterwegs im offenen Museum, S 7., 6. Juli 2016, <a href=\"http:\/\/archiv.artsafiental.ch\/wp-content\/uploads\/2016\/03\/Kultur-Tipp-Kunstwege-Ausgabe-6.7.2016.pdf\">download<\/a><strong><br \/>\n<\/strong>S\u00fcdostschweiz. Viel saubere W\u00e4sche an der Art Safiental, 5. Juli 2016, <a href=\"http:\/\/archiv.artsafiental.ch\/wp-content\/uploads\/2016\/03\/SO-5.7..png\" data-rel=\"lightbox-image-26\" data-rl_title=\"\" data-rl_caption=\"\" title=\"\">download<\/a>, <a href=\"http:\/\/www.suedostschweiz.ch\/kultur\/2016-07-05\/viel-saubere-waesche-an-der-art-safiental\">link<\/a><strong><br \/>\n<\/strong>B\u00fcndner Tagblatt. Jona Felice Pajarola: Und pl\u00f6tzlich reicht der Horizont bis nach Hong Kong, 4. Juli 2016, S. 11, <a href=\"http:\/\/archiv.artsafiental.ch\/wp-content\/uploads\/2016\/03\/BT-Klartext-4.7..png\" data-rel=\"lightbox-image-27\" data-rl_title=\"\" data-rl_caption=\"\" title=\"\">download<\/a><strong><br \/>\n<\/strong>RSI &#8211; Grigioni sera, 4. Juli 2016, <a href=\"http:\/\/www.rsi.ch\/rete-uno\/programmi\/informazione\/grigioni-sera\/GRIGIONI-SERA-7477517.html\">link<\/a><strong><br \/>\n<\/strong>S\u00fcdostschweiz. Andrin Sch\u00fctz: Kunsteinfall im Safiental, 4. Juli 2016, S. 7, <a href=\"http:\/\/archiv.artsafiental.ch\/wp-content\/uploads\/2016\/03\/SO-Land-Art-Safiental.pdf\">download<\/a><strong><br \/>\n<\/strong>S\u00fcdostschweiz. Am Stammtisch in luftiger H\u00f6he, 3. Juli 2016, <a href=\"http:\/\/archiv.artsafiental.ch\/wp-content\/uploads\/2016\/03\/Su\u0308dostschweiz-3.7.16.png\" data-rel=\"lightbox-image-28\" data-rl_title=\"\" data-rl_caption=\"\" title=\"\">download<\/a>, <a href=\"http:\/\/www.suedostschweiz.ch\/kultur\/2016-07-03\/am-stammtisch-in-luftiger-hoehe-premiere-der-art-safiental\">link<\/a><strong><br \/>\n<\/strong>B\u00fcndner Tagblatt. Cover, 2. Juli 2016, <a href=\"http:\/\/archiv.artsafiental.ch\/wp-content\/uploads\/2016\/03\/TB-Cover-2.7..png\" data-rel=\"lightbox-image-29\" data-rl_title=\"\" data-rl_caption=\"\" title=\"\">download<\/a><strong><br \/>\n<\/strong>Tagblatt. Kultur. Safiental als B\u00fchne der Landschaftskunst.1. Juli 2016, <strong><a href=\"http:\/\/www.tagblatt.ch\/nachrichten\/kultur\/kultur\/Safiental-als-Buehne-der-Landschaftskunst;art253649,4677092\">link<\/a><strong><br \/>\n<\/strong><\/strong>Hochparterre. Kultur: Konsequente Immobilienbefreiung, 1. Juli 2016, <a href=\"http:\/\/www.hochparterre.ch\/nachrichten\/kultur\/blog\/post\/detail\/konsequente-immobilienbefreiung\/1467355972\/\">link<\/a><strong><br \/>\n<\/strong>Ruinaulta. Loredana Todisco: Land Art &#8211; beeindruckende Kunstinstallationen im Safiental, 1. Juli 2016, <a href=\"http:\/\/archiv.artsafiental.ch\/wp-content\/uploads\/2016\/03\/Ruinaulta-Land-Art-Safiental.pdf\">download<\/a><strong><br \/>\n<\/strong>Graub\u00fcnden.ch. Null-Stern-Bett unter freiem Himmel, 1. Juli 2016, <a href=\"https:\/\/www.graubuenden.ch\/de\/news-tipps\/2016\/07\/safiental-null-stern-bett-freiem-himmel\">link<\/a><strong><br \/>\n<\/strong>Aargauer Zeitung.\u00a0Das wilde Safiental als Ausstellungsraum f\u00fcr Land Art, 1. Juli 2016, <a href=\"http:\/\/www.aargauerzeitung.ch\/kultur\/das-wilde-safiental-als-ausstellungsraum-fuer-land-art-130397182\">link<\/a><strong><br \/>\n<\/strong>FM1 Today. Das wilde Safiental als Ausstellungsraum f\u00fcr Land Art, 1. Juli 2016, <a href=\"http:\/\/www.fm1today.ch\/das-wilde-safiental-als-ausstellungsraum-fuer-land-art\/241296\">link<br \/>\n<\/a>Bluewin.ch. Safiental als B\u00fchne der Landschaftskunst, 1. Juli 2016, <a href=\"https:\/\/www.bluewin.ch\/de\/news\/kultur\/2016\/7\/1\/das-wilde-safiental-als-ausstellungsraum-fuer-land-.html\">link<\/a><strong><br \/>\n<\/strong>Der Standard. Das Null-Stern-Hotel: Keine Sterne in der Schweiz, 1. Juli 2016, <a href=\"http:\/\/derstandard.at\/2000040117069\/Das-Null-Stern-Hotel-Keine-Sterne-in-der-Schweiz\">link<\/a><strong><br \/>\n<\/strong>Active Live. Susi Schildknecht: Erwanderbare Landschaftskunst im Safiental, Juli 2016, <a href=\"http:\/\/alpsartacademy.ch\/wp-content\/uploads\/2016\/03\/active-live-Juli-2016-Wanderbox-Art-Safiental.pdf\">download<\/a><br \/>\nB\u00fcndner Tagblatt. Jona Felice Pajarola: Die weite\u00a0Welt ins Safiental geholt, 30. Juni 2016, S. 11, <a href=\"http:\/\/archiv.artsafiental.ch\/wp-content\/uploads\/2016\/03\/Die-weite-Welt-ins-Safiental-geholt-Bu\u0308ndner-Tagblatt-30.6.2016.pdf\">download<\/a><br \/>\nNeue Z\u00fcrcher Zeitung. Ein Null-Stern-Bett im Safiental, 30. Juni 2016, <a href=\"http:\/\/www.nzz.ch\/panorama\/aktuelle-themen\/die-kunst-der-open-air-uebernachtung-ein-null-stern-bett-im-safiental-ld.103121\">link<\/a><br \/>\nTele Basel. Luana Lunardelli: Das Open-Air-Bett inmitten von Bergen, 30. Juni 2016, <a href=\"https:\/\/telebasel.ch\/2016\/06\/30\/das-open-air-bett-inmitten-von-bergen\/\">link<\/a><br \/>\n20 min. Das luftigste\u00a0Hotelzimmer der Welt, 30. Juni 2016, <a href=\"http:\/\/www.20min.ch\/schweiz\/ostschweiz\/story\/Das-luftigste-Hotelzimmer-der-Welt-12514209\">Link<br \/>\n<\/a>Blick. K\u00fcnstler-Br\u00fcder Riklin er\u00f6ffnen Open-Air-Hotel, 30. Juni 2016, <a href=\"http:\/\/www.blick.ch\/news\/schweiz\/im-safiental-gebrueder-riklin-eroeffnen-open-air-hotel-id5212155.html\">link<\/a><br \/>\nRuinaulta: Hong Konger K\u00fcnstlerin sucht alte Kleider, 24. Juni 2016, W. 24, <a href=\"http:\/\/archiv.artsafiental.ch\/wp-content\/uploads\/2016\/06\/Bildschirmfoto-2016-06-24-um-18.10.23.png\" data-rel=\"lightbox-image-62\" data-rl_title=\"\" data-rl_caption=\"\" title=\"\">download<\/a><br \/>\nSchweiz am Sonntag. Sabine Altdorfer: Auf zum Kunstmarathon &#8211; Kunstwandern im Safiental, 5. Juni 2016 <a href=\"http:\/\/archiv.artsafiental.ch\/wp-content\/uploads\/2016\/03\/Kunst-Marathon-die-Art-Safiental-ist-dabei-Schweiz-am-Sonntag-5.-Juni-2016.pdf\">download<\/a><br \/>\nB\u00fcndner Woche. Land Art &#8211;\u00a0eine Premiere im Safiental, 1. Juni 2016, S. 41,\u00a0<a href=\"http:\/\/alpsartacademy.ch\/wp-content\/uploads\/2016\/03\/Land-Art-eine-Premiere-im-Safiental-Bu\u0308ndner-Woche-1.6.2016.pdf\">download<\/a><br \/>\nS\u00fcdostschweiz. So: Das Safiental l\u00e4dt zum Land-Art-Festival, 26.5.16 <a href=\"http:\/\/archiv.artsafiental.ch\/wp-content\/uploads\/2016\/03\/S\u00fcdostschweiz-Kultur-Region-26.-Mai-2016-e1464380765113.jpg\" data-rel=\"lightbox-image-31\" data-rl_title=\"\" data-rl_caption=\"\" title=\"\">download<\/a><br \/>\nLa Quotidiana. Martin Cabalzar: Art ella cuntrada naturala dalla Val Stussavgia, 25.5.16, S, 9 <a href=\"http:\/\/archiv.artsafiental.ch\/wp-content\/uploads\/2016\/03\/Land-Art-im-Safiental.pdf\">download<\/a><br \/>\nLa Quotidiana. MC: Academia &#8220;Land Art&#8221; en Val Stussavgia, 25.5.2016, S, 1. <a href=\"http:\/\/archiv.artsafiental.ch\/wp-content\/uploads\/2016\/03\/Anriss-zu-Land-Art-im-Safiental.pdf\">download<\/a><br \/>\nRuinaulta: Land Art, eine Premiere im Safiental, S. 15, 20.5.2016 <a href=\"http:\/\/archiv.artsafiental.ch\/wp-content\/uploads\/2016\/03\/AA-Ruinaulta-20.5..pdf\">download<\/a><br \/>\nS\u00fcdostschweiz Online; Land Art &#8211; das Safiental \u00fcberrascht sich selber, 19.5.2016 <a href=\"http:\/\/www.suedostschweiz.ch\/offene-stellen-radio\/2016-05-19\/land-art-das-safiental-ueberrascht-sich-selber\">Link<\/a><br \/>\nRTR Radiotelevisium Svizra Rumantscha:\u00a0Ina academia per \u00abLand Art\u00bb en la Val Stussavgia, 27.1.2016 <a href=\"http:\/\/www.rtr.ch\/novitads\/grischun\/surselva\/ina-academia-per-land-art-en-la-val-stussavgia\">Link<\/a><\/p>","protected":false},"excerpt":{"rendered":"<p>Media For the media R\u00e9sum\u00e9\/Press Release 2 (22.9.16) Deutsch Press photos 2 \u00a0Bergkanzel &#8211; Stammtisch &#8211; W\u00e4scheleine Art Hiking Map &#8211; download Press release 1 (19.5.16)\u00a0Deutsch &#8211; Francais &#8211; English Press photos Chapuisat:\u00a0Une \u00e9chapp\u00e9e belle\u00a01 \/ 2 \/ 3 Press photos Com&amp;Com: Bergkanzel\u00a0&#8211; 1 \/ 2 \/ 3 Press photos Atelier f\u00fcr Sonderaufgaben: Null Stern [&hellip;]<\/p>\n","protected":false},"author":2,"featured_media":0,"parent":6,"menu_order":9,"comment_status":"closed","ping_status":"closed","template":"","meta":{"footnotes":"","_links_to":"","_links_to_target":""},"class_list":["post-34","page","type-page","status-publish","hentry"],"_links":{"self":[{"href":"http:\/\/archiv.artsafiental.ch\/en\/wp-json\/wp\/v2\/pages\/34","targetHints":{"allow":["GET"]}}],"collection":[{"href":"http:\/\/archiv.artsafiental.ch\/en\/wp-json\/wp\/v2\/pages"}],"about":[{"href":"http:\/\/archiv.artsafiental.ch\/en\/wp-json\/wp\/v2\/types\/page"}],"author":[{"embeddable":true,"href":"http:\/\/archiv.artsafiental.ch\/en\/wp-json\/wp\/v2\/users\/2"}],"replies":[{"embeddable":true,"href":"http:\/\/archiv.artsafiental.ch\/en\/wp-json\/wp\/v2\/comments?post=34"}],"version-history":[{"count":95,"href":"http:\/\/archiv.artsafiental.ch\/en\/wp-json\/wp\/v2\/pages\/34\/revisions"}],"predecessor-version":[{"id":1675,"href":"http:\/\/archiv.artsafiental.ch\/en\/wp-json\/wp\/v2\/pages\/34\/revisions\/1675"}],"up":[{"embeddable":true,"href":"http:\/\/archiv.artsafiental.ch\/en\/wp-json\/wp\/v2\/pages\/6"}],"wp:attachment":[{"href":"http:\/\/archiv.artsafiental.ch\/en\/wp-json\/wp\/v2\/media?parent=34"}],"curies":[{"name":"wp","href":"https:\/\/api.w.org\/{rel}","templated":true}]}}