{"id":2167,"date":"2018-07-21T17:13:19","date_gmt":"2018-07-21T15:13:19","guid":{"rendered":"http:\/\/archiv.artsafiental.ch\/?page_id=2167"},"modified":"2018-08-16T19:14:24","modified_gmt":"2018-08-16T17:14:24","slug":"safiental-karrette","status":"publish","type":"page","link":"http:\/\/archiv.artsafiental.ch\/en\/as2018\/hiddenpage\/safiental-karrette\/","title":{"rendered":"SAFIENTAL-KARRETTE"},"content":{"rendered":"<p><\/p>\n<h1 class=\"p1\">H.R. Fricker: SAFIENTAL-KARRETTE<\/h1>\n<p class=\"p1\">Valendas: Gasthaus am Brunnen, Caf\u00e9 M\u00e4ntig<br \/>\nVersam: Gasthaus R\u00f6ssli, Caf\u00e9 zur Einkehr<br \/>\nTenna: Berghotel Alpenblick, Pistenbeizli<br \/>\nSafien Platz: z\u2019Cafi<br \/>\nThalkirch: Berggasthaus Turrahus<\/p>\n<p class=\"p1\"><img loading=\"lazy\" decoding=\"async\" class=\"alignnone size-full wp-image-2169\" src=\"http:\/\/archiv.artsafiental.ch\/wp-content\/uploads\/2018\/07\/Wanderkarte003.jpg\" alt=\"Wanderkarte003\" width=\"4032\" height=\"3024\" srcset=\"http:\/\/archiv.artsafiental.ch\/wp-content\/uploads\/2018\/07\/Wanderkarte003.jpg 4032w, http:\/\/archiv.artsafiental.ch\/wp-content\/uploads\/2018\/07\/Wanderkarte003-300x225.jpg 300w, http:\/\/archiv.artsafiental.ch\/wp-content\/uploads\/2018\/07\/Wanderkarte003-768x576.jpg 768w, http:\/\/archiv.artsafiental.ch\/wp-content\/uploads\/2018\/07\/Wanderkarte003-1024x768.jpg 1024w\" sizes=\"auto, (max-width: 4032px) 100vw, 4032px\" \/><\/p>\n<p class=\"p3\">H.R. Fricker places individual stones from the Safiental at the centre of his work. For a year he set out in search of distinctive stones that he found in the Rabiusa River, Versam and the Rhine. He has selected 16 stones which are commemorated on placemats and beermats located in almost all the restaurants in the Safiental bringing nature to the table. Similar to the Rabiusa River, the placemats mark a line through the valley. The 16 stones are also available as a 32-piece memento set and the original stones can be seen by the entrance of the Zervreila Power Station in Safien Platz, where they are displayed in a wheelbarrow.<\/p>\n<p class=\"p1\"><span style=\"color: #086ca6;\">wheelbarrow, stones, placemats, card game, participation<\/span><\/p>\n<p class=\"p1\"><span style=\"color: #086ca6;\">ASSISTANCE<\/span>:\u00a0Vreni Fricker, Maria Schnellmann<br \/>\n<span style=\"color: #086ca6;\">SUPPORT\/THANKS<\/span>:\u00a0Hans and Wilma Stutz-Stiftung, Lienhard Stiftung, Dr. Bertold Suhner Stiftung, Kraftwerke Zervreila AG<\/p>\n<p><\/p>","protected":false},"excerpt":{"rendered":"<p>H.R. Fricker: SAFIENTAL-KARRETTE Valendas: Gasthaus am Brunnen, Caf\u00e9 M\u00e4ntig Versam: Gasthaus R\u00f6ssli, Caf\u00e9 zur Einkehr Tenna: Berghotel Alpenblick, Pistenbeizli Safien Platz: z\u2019Cafi Thalkirch: Berggasthaus Turrahus H.R. Fricker places individual stones from the Safiental at the centre of his work. For a year he set out in search of distinctive stones that he found in the [&hellip;]<\/p>\n","protected":false},"author":1,"featured_media":0,"parent":1831,"menu_order":6,"comment_status":"closed","ping_status":"closed","template":"","meta":{"footnotes":"","_links_to":"","_links_to_target":""},"class_list":["post-2167","page","type-page","status-publish","hentry"],"_links":{"self":[{"href":"http:\/\/archiv.artsafiental.ch\/en\/wp-json\/wp\/v2\/pages\/2167","targetHints":{"allow":["GET"]}}],"collection":[{"href":"http:\/\/archiv.artsafiental.ch\/en\/wp-json\/wp\/v2\/pages"}],"about":[{"href":"http:\/\/archiv.artsafiental.ch\/en\/wp-json\/wp\/v2\/types\/page"}],"author":[{"embeddable":true,"href":"http:\/\/archiv.artsafiental.ch\/en\/wp-json\/wp\/v2\/users\/1"}],"replies":[{"embeddable":true,"href":"http:\/\/archiv.artsafiental.ch\/en\/wp-json\/wp\/v2\/comments?post=2167"}],"version-history":[{"count":4,"href":"http:\/\/archiv.artsafiental.ch\/en\/wp-json\/wp\/v2\/pages\/2167\/revisions"}],"predecessor-version":[{"id":2978,"href":"http:\/\/archiv.artsafiental.ch\/en\/wp-json\/wp\/v2\/pages\/2167\/revisions\/2978"}],"up":[{"embeddable":true,"href":"http:\/\/archiv.artsafiental.ch\/en\/wp-json\/wp\/v2\/pages\/1831"}],"wp:attachment":[{"href":"http:\/\/archiv.artsafiental.ch\/en\/wp-json\/wp\/v2\/media?parent=2167"}],"curies":[{"name":"wp","href":"https:\/\/api.w.org\/{rel}","templated":true}]}}