{"id":1729,"date":"2017-12-18T13:43:43","date_gmt":"2017-12-18T12:43:43","guid":{"rendered":"http:\/\/archiv.artsafiental.ch\/?page_id=1729"},"modified":"2018-07-26T19:44:20","modified_gmt":"2018-07-26T17:44:20","slug":"kunstwerke","status":"publish","type":"page","link":"http:\/\/archiv.artsafiental.ch\/en\/as2018\/ausstellung\/kunstwerke\/","title":{"rendered":"Art Works"},"content":{"rendered":"<p><\/p>\n<h1>Art Works<\/h1>\n<p><strong>Permanent Installations<\/strong><\/p>\n<p>1 &#8211; Analia Saban (ARG\/USA): <a href=\"http:\/\/archiv.artsafiental.ch\/as2018\/hiddenpage\/circuit-board-for-rock-painting\/\"><strong>CIRCUIT BOARD FOR ROCK PAINTING<\/strong><\/a> &#8211; Versam-Safien<br \/>\n2 &#8211; Com&amp;Com (CH): <a href=\"http:\/\/archiv.artsafiental.ch\/as2018\/hiddenpage\/bergkanzel\/\"><strong>BERGKANZEL<\/strong><\/a> &#8211; Versam<br \/>\n3 &#8211; H.R. Fricker (CH): <a href=\"http:\/\/archiv.artsafiental.ch\/as2018\/hiddenpage\/safiental-karrette\/\"><strong>SAFIENTAL-KARRETTE<\/strong><\/a> &#8211; eight Restaurants im Tal<br \/>\n4 &#8211; Gerber\/Bardill (CH):\u00a0<a href=\"http:\/\/archiv.artsafiental.ch\/as2018\/hiddenpage\/looking-for-oneself-within-the-gorge-of-acla\/\"><strong>LOOKING FOR ONESELF WITHIN THE GORGE OF ACLA<\/strong><\/a> &#8211; old\u00a0Acla-Tunnel<br \/>\n5 &#8211; DIG Collective (UK):\u00a0<a href=\"http:\/\/archiv.artsafiental.ch\/as2018\/hiddenpage\/a-hole-in-the-alps\/\"><strong>A HOLE IN THE ALPS<\/strong><\/a> &#8211; Tenna<br \/>\n6 &#8211; Ingeborg L\u00fcscher (CH):\u00a0<a href=\"http:\/\/archiv.artsafiental.ch\/en\/as2018\/hiddenpage\/lichtkreis-im-safiental\/\"><strong>LICHTKREIS IM SAFIENTAL<\/strong><\/a> &#8211; Tenna<br \/>\n7 &#8211; Lita Albuquerque (USA): <a href=\"http:\/\/archiv.artsafiental.ch\/en\/as2018\/hiddenpage\/e-transparent-earth\/\"><strong>TRANSPARENT EARTH<\/strong> <\/a>&#8211; Schl\u00fcechtli<br \/>\n8 &#8211; Bob Gramsma (CH\/NL):\u00a0<a href=\"http:\/\/archiv.artsafiental.ch\/en\/as2018\/hiddenpage\/egschi-shell-pd18244\/\"><strong>EGSCHI SHELL, PD#18244<\/strong><\/a> &#8211; Egschisee<br \/>\n9 &#8211; Steve Rowell (USA): <a href=\"http:\/\/archiv.artsafiental.ch\/en\/as2018\/hiddenpage\/water-castle\/\"><strong>WATER CASTLE<\/strong><\/a> &#8211; Safien Platz<br \/>\n10 &#8211; Paul Barsch &amp; Tilman Hornig (D): <a href=\"http:\/\/archiv.artsafiental.ch\/en\/as2018\/hiddenpage\/sanitary-ceramics\/\"><strong>SANITARY CERAMICS<\/strong><\/a> &#8211; Safien Saga path<br \/>\n11 &#8211; Ueli Alder (CH): <a href=\"http:\/\/archiv.artsafiental.ch\/en\/as2018\/hiddenpage\/camera-obscura\/\"><strong>CAMERA OBSCURA\u00a0\/ STANZA OBSCURA<\/strong><\/a> &#8211; Camana<br \/>\n12 &#8211; Mirja Busch (D): <a href=\"http:\/\/archiv.artsafiental.ch\/en\/as2018\/hiddenpage\/earthwork-planted\/\"><strong>EARTHWORK PLANTED<\/strong> <\/a>&#8211; 10 km-Line (Camana\u00a0to Tenna)<br \/>\n13 &#8211; Roman Signer (CH): <a href=\"http:\/\/archiv.artsafiental.ch\/en\/as2018\/hiddenpage\/explosion\/\"><strong>EXPLOSION<\/strong><\/a> &#8211; Thalkirch<br \/>\n14 &#8211; Bildstein\u00a0| Glatz (A\/CH): <a href=\"http:\/\/archiv.artsafiental.ch\/en\/as2018\/hiddenpage\/himmel-iii\/\"><strong>HIMMEL III<\/strong><\/a> &#8211; Turrahus<br \/>\n15 &#8211; Marianne Halter &amp; Mario Marchisella (CH): <a href=\"http:\/\/archiv.artsafiental.ch\/en\/as2018\/hiddenpage\/apedromo\/\"><strong>APEDROMO<\/strong><\/a> &#8211; Wanna<\/p>\n<p><strong>&gt;<strong><a href=\"http:\/\/archiv.artsafiental.ch\/wp-content\/uploads\/2017\/12\/Kunst-Wander-Karte-2018.pdf\">Art Hiking Map\u00a0<\/a><\/strong><\/strong>(overview map with all works &amp; short texts in German\/English)<\/p>\n<p><strong>Temporary works\u00a0by the participants of the Alps Art Academy<\/strong><\/p>\n<p>Brent Gordon Brochu-Ingram (CAN): <strong>OBSERVATORIUM<\/strong> (Workshop)<br \/>\nHoi Yan Cheng (HKG): <strong>OUT OF TREE<\/strong> (Installation)<br \/>\nCathleen Ching Yee Lau (US\/HKG): <strong>COFFEE OR TEA? WATER PLEASE, TENNA<\/strong> (Installation)<br \/>\nFelix Contzen (D): <strong>PARTICULAR IV<\/strong> (Videoskulptur)<br \/>\nRyan Dewey (US): <strong>COPPER FOULDER<\/strong> (Installation)<br \/>\nAngelika Dreher (CH): <strong>IN PARADISE IT DOESN\u2019T STINK<\/strong> (Installation)<br \/>\nSarah FitzSimons (US): <strong>WATER BOOKS<\/strong> (Objekt, Installation)<br \/>\nRichard John Forbes (ZA): <strong>AT THE EDGE OF HYSTERICAL LAUGHTER<\/strong> (Installation)<br \/>\nLia Forslund (SWE\/UK) &amp; Franek Wardynski (PL\/UK): <strong>K \u2013 I WISH TO COMMUNICATE WITH YOU<\/strong> (Installation \/ Video)<br \/>\nAnne Laure Franchette (F\/CH): <strong>ART SAFIENTAL CROQUET<\/strong> (Installation)<br \/>\nBeate Frommelt (CH): <strong>STEILES BR\u00dcTSCHI<\/strong> (Installation)<br \/>\nMyvanwy Gibson (AUS\/IT): <strong>LAND ART<\/strong> (Installation)<br \/>\nEmilia Giudicelli &amp; Gr\u00e9goire Paultre\u00a0Negel (F\/CH): <strong>TRANS:PLANT Y \u201eSTR\u00d6ME\u201c<\/strong> (Performance)<br \/>\nAlex Grunenfelder (CAN): <strong>SAFIENTAL LAND TASTING<\/strong> (Performance)<br \/>\nIva Kirova (BGR\/D): <strong>FOUR FAILS AND A DRONE<\/strong> (Video)<br \/>\nJana La Brasca (US), Helene Romakin (RUS\/CH): <strong>TEN(NA) DAYS LATER<\/strong> (Video)<br \/>\nVibeke Mascini (NL): <strong>INNER EAR<\/strong> (Installation)<br \/>\nAaron McLaughlin (IRL\/NL): <strong>SOON<\/strong> (Installation)<br \/>\nHollie Miller (UK):<strong> THE SENSES RECORD<\/strong> (Performance)<br \/>\nGabriela Munguia (MEX\/ARG): <strong>MACHINERIES OFT HE INVISIBLE \u2013 RESILIENCE \u266f2:<\/strong> <strong>GEOMORPHOLOGICAL CONVERSATIONS<\/strong> (Sound Installation)<br \/>\nMarie Newid (D): <strong>K\u00d6RPER_WASSERWERK, K\u00d6RPER_S\u00c4GEM\u00dcHLE, K\u00d6RPER_HIMMEL III<\/strong>\u00a0(Performance, Video)<br \/>\nBarla Pelican (CH): <strong>OHNE TITEL<\/strong> (Event)<br \/>\nClaudia Schmid (CH): <strong>PROVISORISCHES BILDARCHIV<\/strong> (Foto-Installation)<br \/>\nKarolin Schwab (D): <strong>WAITING TO CATCH A CLOUD<\/strong> (Installation)<br \/>\nHannah Standen (UK): <strong>WALKING IN THE SAFIEN VALLEY<\/strong> (Performance, Text)<br \/>\nMerzedes\u00a0\u0160turm-Lie (SWE): <strong>CALLING IMAGINATION<\/strong> (Performance)<br \/>\nHelene Thuemmel (AT\/SI): <strong>DA<\/strong> (Video)<br \/>\nPaolo Uboldi (IT): <strong>ONE SH*T<\/strong> (Installation, Aktion)<br \/>\nAbhinav Yagnik (IND): <strong>MIINI BRUGGA<\/strong> (Performance)<\/p>","protected":false},"excerpt":{"rendered":"<p>Art Works Permanent Installations 1 &#8211; Analia Saban (ARG\/USA): CIRCUIT BOARD FOR ROCK PAINTING &#8211; Versam-Safien 2 &#8211; Com&amp;Com (CH): BERGKANZEL &#8211; Versam 3 &#8211; H.R. Fricker (CH): SAFIENTAL-KARRETTE &#8211; eight Restaurants im Tal 4 &#8211; Gerber\/Bardill (CH):\u00a0LOOKING FOR ONESELF WITHIN THE GORGE OF ACLA &#8211; old\u00a0Acla-Tunnel 5 &#8211; DIG Collective (UK):\u00a0A HOLE IN THE [&hellip;]<\/p>\n","protected":false},"author":1,"featured_media":0,"parent":1721,"menu_order":0,"comment_status":"closed","ping_status":"closed","template":"","meta":{"footnotes":"","_links_to":"","_links_to_target":""},"class_list":["post-1729","page","type-page","status-publish","hentry"],"_links":{"self":[{"href":"http:\/\/archiv.artsafiental.ch\/en\/wp-json\/wp\/v2\/pages\/1729","targetHints":{"allow":["GET"]}}],"collection":[{"href":"http:\/\/archiv.artsafiental.ch\/en\/wp-json\/wp\/v2\/pages"}],"about":[{"href":"http:\/\/archiv.artsafiental.ch\/en\/wp-json\/wp\/v2\/types\/page"}],"author":[{"embeddable":true,"href":"http:\/\/archiv.artsafiental.ch\/en\/wp-json\/wp\/v2\/users\/1"}],"replies":[{"embeddable":true,"href":"http:\/\/archiv.artsafiental.ch\/en\/wp-json\/wp\/v2\/comments?post=1729"}],"version-history":[{"count":41,"href":"http:\/\/archiv.artsafiental.ch\/en\/wp-json\/wp\/v2\/pages\/1729\/revisions"}],"predecessor-version":[{"id":2302,"href":"http:\/\/archiv.artsafiental.ch\/en\/wp-json\/wp\/v2\/pages\/1729\/revisions\/2302"}],"up":[{"embeddable":true,"href":"http:\/\/archiv.artsafiental.ch\/en\/wp-json\/wp\/v2\/pages\/1721"}],"wp:attachment":[{"href":"http:\/\/archiv.artsafiental.ch\/en\/wp-json\/wp\/v2\/media?parent=1729"}],"curies":[{"name":"wp","href":"https:\/\/api.w.org\/{rel}","templated":true}]}}